{"id":388,"date":"2017-05-29T06:51:34","date_gmt":"2017-05-29T06:51:34","guid":{"rendered":"https:\/\/www.wedance.io\/de\/?page_id=388"},"modified":"2017-05-30T09:32:06","modified_gmt":"2017-05-30T09:32:06","slug":"faq","status":"publish","type":"page","link":"https:\/\/www.wedance.io\/de\/faq\/","title":{"rendered":"FAQ"},"content":{"rendered":"<div class=\"wpb-content-wrapper\">[vc_row][vc_column][vc_toggle title=&#8221;Werden meine Daten gesichert?&#8221; style=&#8221;square&#8221; open=&#8221;true&#8221;]Ja \u2013 wir sichern Ihre Daten jeden Tag auf 2 unterschiedlichen Backup-Servern.[\/vc_toggle][vc_toggle title=&#8221;Ich vermisse eine Funktionalit\u00e4t&#8221; style=&#8221;square&#8221; open=&#8221;true&#8221;]Kontaktieren Sie uns einfach: <a href=\"mailto:support@wedance.io\">support@wedance.io<\/a>\u00a0\u2013 Wir sind f\u00fcr neue Ideen immer offen![\/vc_toggle][vc_toggle title=&#8221;Ich m\u00f6chte von meiner bestehenden Software wechseln. Geht das?&#8221; style=&#8221;square&#8221; open=&#8221;true&#8221;]Ja, insofern Sie aktuelle Daten exportieren k\u00f6nnen (z.B. als Excel) k\u00f6nnen wir Ihnen bei dem Import in unser System unterst\u00fctzen.[\/vc_toggle][vc_toggle title=&#8221;Sind meine Daten verschl\u00fcsselt?&#8221; style=&#8221;square&#8221; open=&#8221;true&#8221;]Ja! All Ihre Daten werden \u00fcber eine sichere SSL Verschl\u00fcsselung \u00fcbertragen.[\/vc_toggle][\/vc_column][\/vc_row]\n<\/div>","protected":false},"excerpt":{"rendered":"<p>[vc_row][vc_column][vc_toggle title=&#8221;Werden meine Daten gesichert?&#8221; style=&#8221;square&#8221; open=&#8221;true&#8221;]Ja \u2013 wir sichern Ihre Daten jeden Tag auf 2 unterschiedlichen Backup-Servern.[\/vc_toggle][vc_toggle title=&#8221;Ich vermisse eine Funktionalit\u00e4t&#8221; style=&#8221;square&#8221; open=&#8221;true&#8221;]Kontaktieren Sie uns einfach: support@wedance.io\u00a0\u2013 Wir sind f\u00fcr neue Ideen immer offen![\/vc_toggle][vc_toggle title=&#8221;Ich m\u00f6chte von meiner bestehenden Software wechseln. Geht das?&#8221; style=&#8221;square&#8221; open=&#8221;true&#8221;]Ja, insofern Sie aktuelle Daten exportieren k\u00f6nnen (z.B. als Excel)&hellip;<\/p>\n","protected":false},"author":1,"featured_media":0,"parent":0,"menu_order":0,"comment_status":"closed","ping_status":"closed","template":"","meta":{"footnotes":""},"yoast_head":"<!-- This site is optimized with the Yoast SEO plugin v24.3 - https:\/\/yoast.com\/wordpress\/plugins\/seo\/ -->\n<title>FAQ - weDance<\/title>\n<meta name=\"robots\" content=\"index, follow, max-snippet:-1, max-image-preview:large, max-video-preview:-1\" \/>\n<link rel=\"canonical\" href=\"https:\/\/www.wedance.io\/de\/faq\/\" \/>\n<meta property=\"og:locale\" content=\"de_DE\" \/>\n<meta property=\"og:type\" content=\"article\" \/>\n<meta property=\"og:title\" content=\"FAQ - weDance\" \/>\n<meta property=\"og:description\" content=\"[vc_row][vc_column][vc_toggle title=&#8221;Werden meine Daten gesichert?&#8221; style=&#8221;square&#8221; open=&#8221;true&#8221;]Ja \u2013 wir sichern Ihre Daten jeden Tag auf 2 unterschiedlichen Backup-Servern.[\/vc_toggle][vc_toggle title=&#8221;Ich vermisse eine Funktionalit\u00e4t&#8221; style=&#8221;square&#8221; open=&#8221;true&#8221;]Kontaktieren Sie uns einfach: support@wedance.io\u00a0\u2013 Wir sind f\u00fcr neue Ideen immer offen![\/vc_toggle][vc_toggle title=&#8221;Ich m\u00f6chte von meiner bestehenden Software wechseln. Geht das?&#8221; style=&#8221;square&#8221; open=&#8221;true&#8221;]Ja, insofern Sie aktuelle Daten exportieren k\u00f6nnen (z.B. als Excel)&hellip;\" \/>\n<meta property=\"og:url\" content=\"https:\/\/www.wedance.io\/de\/faq\/\" \/>\n<meta property=\"og:site_name\" content=\"weDance\" \/>\n<meta property=\"article:modified_time\" content=\"2017-05-30T09:32:06+00:00\" \/>\n<meta name=\"twitter:card\" content=\"summary_large_image\" \/>\n<meta name=\"twitter:label1\" content=\"Gesch\u00e4tzte Lesezeit\" \/>\n\t<meta name=\"twitter:data1\" content=\"1\u00a0Minute\" \/>\n<script type=\"application\/ld+json\" class=\"yoast-schema-graph\">{\"@context\":\"https:\/\/schema.org\",\"@graph\":[{\"@type\":\"WebPage\",\"@id\":\"https:\/\/www.wedance.io\/de\/faq\/\",\"url\":\"https:\/\/www.wedance.io\/de\/faq\/\",\"name\":\"FAQ - weDance\",\"isPartOf\":{\"@id\":\"https:\/\/www.wedance.io\/de\/#website\"},\"datePublished\":\"2017-05-29T06:51:34+00:00\",\"dateModified\":\"2017-05-30T09:32:06+00:00\",\"breadcrumb\":{\"@id\":\"https:\/\/www.wedance.io\/de\/faq\/#breadcrumb\"},\"inLanguage\":\"de\",\"potentialAction\":[{\"@type\":\"ReadAction\",\"target\":[\"https:\/\/www.wedance.io\/de\/faq\/\"]}]},{\"@type\":\"BreadcrumbList\",\"@id\":\"https:\/\/www.wedance.io\/de\/faq\/#breadcrumb\",\"itemListElement\":[{\"@type\":\"ListItem\",\"position\":1,\"name\":\"Home\",\"item\":\"https:\/\/www.wedance.io\/de\/\"},{\"@type\":\"ListItem\",\"position\":2,\"name\":\"FAQ\"}]},{\"@type\":\"WebSite\",\"@id\":\"https:\/\/www.wedance.io\/de\/#website\",\"url\":\"https:\/\/www.wedance.io\/de\/\",\"name\":\"weDance\",\"description\":\"Tanzschuleverwaltung Software\",\"publisher\":{\"@id\":\"https:\/\/www.wedance.io\/de\/#organization\"},\"potentialAction\":[{\"@type\":\"SearchAction\",\"target\":{\"@type\":\"EntryPoint\",\"urlTemplate\":\"https:\/\/www.wedance.io\/de\/?s={search_term_string}\"},\"query-input\":{\"@type\":\"PropertyValueSpecification\",\"valueRequired\":true,\"valueName\":\"search_term_string\"}}],\"inLanguage\":\"de\"},{\"@type\":\"Organization\",\"@id\":\"https:\/\/www.wedance.io\/de\/#organization\",\"name\":\"weDance\",\"url\":\"https:\/\/www.wedance.io\/de\/\",\"logo\":{\"@type\":\"ImageObject\",\"inLanguage\":\"de\",\"@id\":\"https:\/\/www.wedance.io\/de\/#\/schema\/logo\/image\/\",\"url\":\"https:\/\/www.wedance.io\/de\/wp-content\/uploads\/sites\/2\/2017\/05\/logo.png\",\"contentUrl\":\"https:\/\/www.wedance.io\/de\/wp-content\/uploads\/sites\/2\/2017\/05\/logo.png\",\"width\":300,\"height\":158,\"caption\":\"weDance\"},\"image\":{\"@id\":\"https:\/\/www.wedance.io\/de\/#\/schema\/logo\/image\/\"}}]}<\/script>\n<!-- \/ Yoast SEO plugin. -->","yoast_head_json":{"title":"FAQ - weDance","robots":{"index":"index","follow":"follow","max-snippet":"max-snippet:-1","max-image-preview":"max-image-preview:large","max-video-preview":"max-video-preview:-1"},"canonical":"https:\/\/www.wedance.io\/de\/faq\/","og_locale":"de_DE","og_type":"article","og_title":"FAQ - weDance","og_description":"[vc_row][vc_column][vc_toggle title=&#8221;Werden meine Daten gesichert?&#8221; style=&#8221;square&#8221; open=&#8221;true&#8221;]Ja \u2013 wir sichern Ihre Daten jeden Tag auf 2 unterschiedlichen Backup-Servern.[\/vc_toggle][vc_toggle title=&#8221;Ich vermisse eine Funktionalit\u00e4t&#8221; style=&#8221;square&#8221; open=&#8221;true&#8221;]Kontaktieren Sie uns einfach: support@wedance.io\u00a0\u2013 Wir sind f\u00fcr neue Ideen immer offen![\/vc_toggle][vc_toggle title=&#8221;Ich m\u00f6chte von meiner bestehenden Software wechseln. Geht das?&#8221; style=&#8221;square&#8221; open=&#8221;true&#8221;]Ja, insofern Sie aktuelle Daten exportieren k\u00f6nnen (z.B. als Excel)&hellip;","og_url":"https:\/\/www.wedance.io\/de\/faq\/","og_site_name":"weDance","article_modified_time":"2017-05-30T09:32:06+00:00","twitter_card":"summary_large_image","twitter_misc":{"Gesch\u00e4tzte Lesezeit":"1\u00a0Minute"},"schema":{"@context":"https:\/\/schema.org","@graph":[{"@type":"WebPage","@id":"https:\/\/www.wedance.io\/de\/faq\/","url":"https:\/\/www.wedance.io\/de\/faq\/","name":"FAQ - weDance","isPartOf":{"@id":"https:\/\/www.wedance.io\/de\/#website"},"datePublished":"2017-05-29T06:51:34+00:00","dateModified":"2017-05-30T09:32:06+00:00","breadcrumb":{"@id":"https:\/\/www.wedance.io\/de\/faq\/#breadcrumb"},"inLanguage":"de","potentialAction":[{"@type":"ReadAction","target":["https:\/\/www.wedance.io\/de\/faq\/"]}]},{"@type":"BreadcrumbList","@id":"https:\/\/www.wedance.io\/de\/faq\/#breadcrumb","itemListElement":[{"@type":"ListItem","position":1,"name":"Home","item":"https:\/\/www.wedance.io\/de\/"},{"@type":"ListItem","position":2,"name":"FAQ"}]},{"@type":"WebSite","@id":"https:\/\/www.wedance.io\/de\/#website","url":"https:\/\/www.wedance.io\/de\/","name":"weDance","description":"Tanzschuleverwaltung Software","publisher":{"@id":"https:\/\/www.wedance.io\/de\/#organization"},"potentialAction":[{"@type":"SearchAction","target":{"@type":"EntryPoint","urlTemplate":"https:\/\/www.wedance.io\/de\/?s={search_term_string}"},"query-input":{"@type":"PropertyValueSpecification","valueRequired":true,"valueName":"search_term_string"}}],"inLanguage":"de"},{"@type":"Organization","@id":"https:\/\/www.wedance.io\/de\/#organization","name":"weDance","url":"https:\/\/www.wedance.io\/de\/","logo":{"@type":"ImageObject","inLanguage":"de","@id":"https:\/\/www.wedance.io\/de\/#\/schema\/logo\/image\/","url":"https:\/\/www.wedance.io\/de\/wp-content\/uploads\/sites\/2\/2017\/05\/logo.png","contentUrl":"https:\/\/www.wedance.io\/de\/wp-content\/uploads\/sites\/2\/2017\/05\/logo.png","width":300,"height":158,"caption":"weDance"},"image":{"@id":"https:\/\/www.wedance.io\/de\/#\/schema\/logo\/image\/"}}]}},"_links":{"self":[{"href":"https:\/\/www.wedance.io\/de\/wp-json\/wp\/v2\/pages\/388"}],"collection":[{"href":"https:\/\/www.wedance.io\/de\/wp-json\/wp\/v2\/pages"}],"about":[{"href":"https:\/\/www.wedance.io\/de\/wp-json\/wp\/v2\/types\/page"}],"author":[{"embeddable":true,"href":"https:\/\/www.wedance.io\/de\/wp-json\/wp\/v2\/users\/1"}],"replies":[{"embeddable":true,"href":"https:\/\/www.wedance.io\/de\/wp-json\/wp\/v2\/comments?post=388"}],"version-history":[{"count":10,"href":"https:\/\/www.wedance.io\/de\/wp-json\/wp\/v2\/pages\/388\/revisions"}],"predecessor-version":[{"id":487,"href":"https:\/\/www.wedance.io\/de\/wp-json\/wp\/v2\/pages\/388\/revisions\/487"}],"wp:attachment":[{"href":"https:\/\/www.wedance.io\/de\/wp-json\/wp\/v2\/media?parent=388"}],"curies":[{"name":"wp","href":"https:\/\/api.w.org\/{rel}","templated":true}]}}