{"id":303,"date":"2017-05-22T10:33:37","date_gmt":"2017-05-22T10:33:37","guid":{"rendered":"https:\/\/www.wedance.io\/de\/?page_id=303"},"modified":"2017-05-30T09:30:55","modified_gmt":"2017-05-30T09:30:55","slug":"newsletter","status":"publish","type":"page","link":"https:\/\/www.wedance.io\/de\/funktionen\/newsletter\/","title":{"rendered":"Newsletter &#038; Email-Best\u00e4tigungen"},"content":{"rendered":"<div class=\"wpb-content-wrapper\">[vc_row full_width=&#8221;stretch_row&#8221; css=&#8221;.vc_custom_1495608273865{padding-top: 5% !important;}&#8221;][vc_column width=&#8221;1\/2&#8243;][vc_single_image image=&#8221;328&#8243; img_size=&#8221;medium&#8221; style=&#8221;vc_box_outline&#8221; onclick=&#8221;link_image&#8221;][\/vc_column][vc_column width=&#8221;1\/2&#8243;][vc_column_text]<a href=\"https:\/\/mailchimp.com\/\" target=\"_blank\" rel=\"noopener noreferrer\"><img loading=\"lazy\" decoding=\"async\" class=\"alignright wp-image-331 size-full\" src=\"https:\/\/www.wedance.io\/de\/wp-content\/uploads\/sites\/2\/2017\/05\/mailchimp.png\" alt=\"\" width=\"150\" height=\"157\" \/><\/a><\/p>\n<h2>Newsletter \u00fcber\u00a0Mailchimp<\/h2>\n<p>Wir wollen das Rad nicht neu erfinden! Deshalb setzen wir Mailchimp als Newsletter-System ein. Beide Systeme sind nahtlos miteinander integriert. So k\u00f6nnen Kunden von weDance nach Mailchimp importiert, und Newsletter von Mailchimp in weDance angezeigt werden.[\/vc_column_text][\/vc_column][\/vc_row][vc_row full_width=&#8221;stretch_row&#8221; css=&#8221;.vc_custom_1495620171823{padding-top: 5% !important;padding-bottom: 5% !important;background-color: #f7f7f7 !important;}&#8221;][vc_column width=&#8221;1\/2&#8243;][vc_column_text]\n<h2>Newsletter Kunden synchronisieren<\/h2>\n<p>All Ihre Kunden k\u00f6nnen \u00fcber unser Tool mit\u00a0Mailchimp synchronisiert werden.\u00a0Auf Knopfdruck k\u00f6nnen damit Abonnenten direkt in das System importiert werden. In der \u00dcbersicht werden dann alle Teilnehmer, die bereits in Mailchimp importiert worden, angezeigt.[\/vc_column_text][\/vc_column][vc_column width=&#8221;1\/2&#8243;][vc_single_image image=&#8221;327&#8243; img_size=&#8221;medium&#8221; onclick=&#8221;link_image&#8221;][\/vc_column][\/vc_row][vc_row full_width=&#8221;stretch_row&#8221; css=&#8221;.vc_custom_1495608273865{padding-top: 5% !important;}&#8221;][vc_column width=&#8221;1\/2&#8243;][vc_single_image image=&#8221;330&#8243; img_size=&#8221;medium&#8221; style=&#8221;vc_box_outline&#8221; onclick=&#8221;link_image&#8221;][\/vc_column][vc_column width=&#8221;1\/2&#8243;][vc_column_text]\n<h2>Email Best\u00e4tigungen<\/h2>\n<p>Erstellte Email Best\u00e4tigungen, ob f\u00fcr einen Kurs oder ein Event, sind hier gelistet.\u00a0Diese k\u00f6nnen hier entweder bearbeitet werden, oder erneut versendet werden.[\/vc_column_text][\/vc_column][\/vc_row][vc_row full_width=&#8221;stretch_row&#8221; css=&#8221;.vc_custom_1495620171823{padding-top: 5% !important;padding-bottom: 5% !important;background-color: #f7f7f7 !important;}&#8221;][vc_column width=&#8221;1\/2&#8243;][vc_column_text]\n<h2>Email-Besta\u0308tigung bearbeiten<\/h2>\n<p>\u00dcber einen eingebauten WYSIWYG-Editor kann jede Email-Best\u00e4tigung bearbeitet werden. Wie in Word k\u00f6nnen hier also Formatierungen bearbeitet werden und mehr.\u00a0Die Email Best\u00e4tigungen werden\u00a0beim erstellen \u00fcber einen Kurs direkt vorausgef\u00fcllt mit Daten des Kunden und dessen angemeldeten Kurs.[\/vc_column_text][\/vc_column][vc_column width=&#8221;1\/2&#8243;][vc_single_image image=&#8221;329&#8243; img_size=&#8221;medium&#8221; onclick=&#8221;link_image&#8221;][\/vc_column][\/vc_row]\n<\/div>","protected":false},"excerpt":{"rendered":"<p>[vc_row full_width=&#8221;stretch_row&#8221; css=&#8221;.vc_custom_1495608273865{padding-top: 5% !important;}&#8221;][vc_column width=&#8221;1\/2&#8243;][vc_single_image image=&#8221;328&#8243; img_size=&#8221;medium&#8221; style=&#8221;vc_box_outline&#8221; onclick=&#8221;link_image&#8221;][\/vc_column][vc_column width=&#8221;1\/2&#8243;][vc_column_text] Newsletter \u00fcber\u00a0Mailchimp Wir wollen das Rad nicht neu erfinden! Deshalb setzen wir Mailchimp als Newsletter-System ein. Beide Systeme sind nahtlos miteinander integriert. So k\u00f6nnen Kunden von weDance nach Mailchimp importiert, und Newsletter von Mailchimp in weDance angezeigt werden.[\/vc_column_text][\/vc_column][\/vc_row][vc_row full_width=&#8221;stretch_row&#8221; css=&#8221;.vc_custom_1495620171823{padding-top: 5% !important;padding-bottom: 5% !important;background-color:&hellip;<\/p>\n","protected":false},"author":1,"featured_media":0,"parent":11,"menu_order":0,"comment_status":"closed","ping_status":"closed","template":"","meta":{"footnotes":""},"yoast_head":"<!-- This site is optimized with the Yoast SEO plugin v24.3 - https:\/\/yoast.com\/wordpress\/plugins\/seo\/ -->\n<title>Newsletter &amp; Email-Best\u00e4tigungen - weDance<\/title>\n<meta name=\"robots\" content=\"index, follow, max-snippet:-1, max-image-preview:large, max-video-preview:-1\" \/>\n<link rel=\"canonical\" href=\"https:\/\/www.wedance.io\/de\/funktionen\/newsletter\/\" \/>\n<meta property=\"og:locale\" content=\"de_DE\" \/>\n<meta property=\"og:type\" content=\"article\" \/>\n<meta property=\"og:title\" content=\"Newsletter &amp; Email-Best\u00e4tigungen - weDance\" \/>\n<meta property=\"og:description\" content=\"[vc_row full_width=&#8221;stretch_row&#8221; css=&#8221;.vc_custom_1495608273865{padding-top: 5% !important;}&#8221;][vc_column width=&#8221;1\/2&#8243;][vc_single_image image=&#8221;328&#8243; img_size=&#8221;medium&#8221; style=&#8221;vc_box_outline&#8221; onclick=&#8221;link_image&#8221;][\/vc_column][vc_column width=&#8221;1\/2&#8243;][vc_column_text] Newsletter \u00fcber\u00a0Mailchimp Wir wollen das Rad nicht neu erfinden! Deshalb setzen wir Mailchimp als Newsletter-System ein. Beide Systeme sind nahtlos miteinander integriert. So k\u00f6nnen Kunden von weDance nach Mailchimp importiert, und Newsletter von Mailchimp in weDance angezeigt werden.[\/vc_column_text][\/vc_column][\/vc_row][vc_row full_width=&#8221;stretch_row&#8221; css=&#8221;.vc_custom_1495620171823{padding-top: 5% !important;padding-bottom: 5% !important;background-color:&hellip;\" \/>\n<meta property=\"og:url\" content=\"https:\/\/www.wedance.io\/de\/funktionen\/newsletter\/\" \/>\n<meta property=\"og:site_name\" content=\"weDance\" \/>\n<meta property=\"article:modified_time\" content=\"2017-05-30T09:30:55+00:00\" \/>\n<meta property=\"og:image\" content=\"https:\/\/www.wedance.io\/de\/wp-content\/uploads\/sites\/2\/2017\/05\/mailchimp.png\" \/>\n<meta name=\"twitter:card\" content=\"summary_large_image\" \/>\n<meta name=\"twitter:label1\" content=\"Gesch\u00e4tzte Lesezeit\" \/>\n\t<meta name=\"twitter:data1\" content=\"2\u00a0Minuten\" \/>\n<script type=\"application\/ld+json\" class=\"yoast-schema-graph\">{\"@context\":\"https:\/\/schema.org\",\"@graph\":[{\"@type\":\"WebPage\",\"@id\":\"https:\/\/www.wedance.io\/de\/funktionen\/newsletter\/\",\"url\":\"https:\/\/www.wedance.io\/de\/funktionen\/newsletter\/\",\"name\":\"Newsletter & Email-Best\u00e4tigungen - weDance\",\"isPartOf\":{\"@id\":\"https:\/\/www.wedance.io\/de\/#website\"},\"primaryImageOfPage\":{\"@id\":\"https:\/\/www.wedance.io\/de\/funktionen\/newsletter\/#primaryimage\"},\"image\":{\"@id\":\"https:\/\/www.wedance.io\/de\/funktionen\/newsletter\/#primaryimage\"},\"thumbnailUrl\":\"https:\/\/www.wedance.io\/de\/wp-content\/uploads\/sites\/2\/2017\/05\/mailchimp.png\",\"datePublished\":\"2017-05-22T10:33:37+00:00\",\"dateModified\":\"2017-05-30T09:30:55+00:00\",\"breadcrumb\":{\"@id\":\"https:\/\/www.wedance.io\/de\/funktionen\/newsletter\/#breadcrumb\"},\"inLanguage\":\"de\",\"potentialAction\":[{\"@type\":\"ReadAction\",\"target\":[\"https:\/\/www.wedance.io\/de\/funktionen\/newsletter\/\"]}]},{\"@type\":\"ImageObject\",\"inLanguage\":\"de\",\"@id\":\"https:\/\/www.wedance.io\/de\/funktionen\/newsletter\/#primaryimage\",\"url\":\"https:\/\/www.wedance.io\/de\/wp-content\/uploads\/sites\/2\/2017\/05\/mailchimp.png\",\"contentUrl\":\"https:\/\/www.wedance.io\/de\/wp-content\/uploads\/sites\/2\/2017\/05\/mailchimp.png\",\"width\":150,\"height\":157,\"caption\":\"Mailchimp\"},{\"@type\":\"BreadcrumbList\",\"@id\":\"https:\/\/www.wedance.io\/de\/funktionen\/newsletter\/#breadcrumb\",\"itemListElement\":[{\"@type\":\"ListItem\",\"position\":1,\"name\":\"Home\",\"item\":\"https:\/\/www.wedance.io\/de\/\"},{\"@type\":\"ListItem\",\"position\":2,\"name\":\"Funktionen unserer Tanzschulverwaltung\",\"item\":\"https:\/\/www.wedance.io\/de\/funktionen\/\"},{\"@type\":\"ListItem\",\"position\":3,\"name\":\"Newsletter &#038; Email-Best\u00e4tigungen\"}]},{\"@type\":\"WebSite\",\"@id\":\"https:\/\/www.wedance.io\/de\/#website\",\"url\":\"https:\/\/www.wedance.io\/de\/\",\"name\":\"weDance\",\"description\":\"Tanzschuleverwaltung Software\",\"publisher\":{\"@id\":\"https:\/\/www.wedance.io\/de\/#organization\"},\"potentialAction\":[{\"@type\":\"SearchAction\",\"target\":{\"@type\":\"EntryPoint\",\"urlTemplate\":\"https:\/\/www.wedance.io\/de\/?s={search_term_string}\"},\"query-input\":{\"@type\":\"PropertyValueSpecification\",\"valueRequired\":true,\"valueName\":\"search_term_string\"}}],\"inLanguage\":\"de\"},{\"@type\":\"Organization\",\"@id\":\"https:\/\/www.wedance.io\/de\/#organization\",\"name\":\"weDance\",\"url\":\"https:\/\/www.wedance.io\/de\/\",\"logo\":{\"@type\":\"ImageObject\",\"inLanguage\":\"de\",\"@id\":\"https:\/\/www.wedance.io\/de\/#\/schema\/logo\/image\/\",\"url\":\"https:\/\/www.wedance.io\/de\/wp-content\/uploads\/sites\/2\/2017\/05\/logo.png\",\"contentUrl\":\"https:\/\/www.wedance.io\/de\/wp-content\/uploads\/sites\/2\/2017\/05\/logo.png\",\"width\":300,\"height\":158,\"caption\":\"weDance\"},\"image\":{\"@id\":\"https:\/\/www.wedance.io\/de\/#\/schema\/logo\/image\/\"}}]}<\/script>\n<!-- \/ Yoast SEO plugin. -->","yoast_head_json":{"title":"Newsletter & Email-Best\u00e4tigungen - weDance","robots":{"index":"index","follow":"follow","max-snippet":"max-snippet:-1","max-image-preview":"max-image-preview:large","max-video-preview":"max-video-preview:-1"},"canonical":"https:\/\/www.wedance.io\/de\/funktionen\/newsletter\/","og_locale":"de_DE","og_type":"article","og_title":"Newsletter & Email-Best\u00e4tigungen - weDance","og_description":"[vc_row full_width=&#8221;stretch_row&#8221; css=&#8221;.vc_custom_1495608273865{padding-top: 5% !important;}&#8221;][vc_column width=&#8221;1\/2&#8243;][vc_single_image image=&#8221;328&#8243; img_size=&#8221;medium&#8221; style=&#8221;vc_box_outline&#8221; onclick=&#8221;link_image&#8221;][\/vc_column][vc_column width=&#8221;1\/2&#8243;][vc_column_text] Newsletter \u00fcber\u00a0Mailchimp Wir wollen das Rad nicht neu erfinden! Deshalb setzen wir Mailchimp als Newsletter-System ein. Beide Systeme sind nahtlos miteinander integriert. So k\u00f6nnen Kunden von weDance nach Mailchimp importiert, und Newsletter von Mailchimp in weDance angezeigt werden.[\/vc_column_text][\/vc_column][\/vc_row][vc_row full_width=&#8221;stretch_row&#8221; css=&#8221;.vc_custom_1495620171823{padding-top: 5% !important;padding-bottom: 5% !important;background-color:&hellip;","og_url":"https:\/\/www.wedance.io\/de\/funktionen\/newsletter\/","og_site_name":"weDance","article_modified_time":"2017-05-30T09:30:55+00:00","og_image":[{"url":"https:\/\/www.wedance.io\/de\/wp-content\/uploads\/sites\/2\/2017\/05\/mailchimp.png","type":"","width":"","height":""}],"twitter_card":"summary_large_image","twitter_misc":{"Gesch\u00e4tzte Lesezeit":"2\u00a0Minuten"},"schema":{"@context":"https:\/\/schema.org","@graph":[{"@type":"WebPage","@id":"https:\/\/www.wedance.io\/de\/funktionen\/newsletter\/","url":"https:\/\/www.wedance.io\/de\/funktionen\/newsletter\/","name":"Newsletter & Email-Best\u00e4tigungen - weDance","isPartOf":{"@id":"https:\/\/www.wedance.io\/de\/#website"},"primaryImageOfPage":{"@id":"https:\/\/www.wedance.io\/de\/funktionen\/newsletter\/#primaryimage"},"image":{"@id":"https:\/\/www.wedance.io\/de\/funktionen\/newsletter\/#primaryimage"},"thumbnailUrl":"https:\/\/www.wedance.io\/de\/wp-content\/uploads\/sites\/2\/2017\/05\/mailchimp.png","datePublished":"2017-05-22T10:33:37+00:00","dateModified":"2017-05-30T09:30:55+00:00","breadcrumb":{"@id":"https:\/\/www.wedance.io\/de\/funktionen\/newsletter\/#breadcrumb"},"inLanguage":"de","potentialAction":[{"@type":"ReadAction","target":["https:\/\/www.wedance.io\/de\/funktionen\/newsletter\/"]}]},{"@type":"ImageObject","inLanguage":"de","@id":"https:\/\/www.wedance.io\/de\/funktionen\/newsletter\/#primaryimage","url":"https:\/\/www.wedance.io\/de\/wp-content\/uploads\/sites\/2\/2017\/05\/mailchimp.png","contentUrl":"https:\/\/www.wedance.io\/de\/wp-content\/uploads\/sites\/2\/2017\/05\/mailchimp.png","width":150,"height":157,"caption":"Mailchimp"},{"@type":"BreadcrumbList","@id":"https:\/\/www.wedance.io\/de\/funktionen\/newsletter\/#breadcrumb","itemListElement":[{"@type":"ListItem","position":1,"name":"Home","item":"https:\/\/www.wedance.io\/de\/"},{"@type":"ListItem","position":2,"name":"Funktionen unserer Tanzschulverwaltung","item":"https:\/\/www.wedance.io\/de\/funktionen\/"},{"@type":"ListItem","position":3,"name":"Newsletter &#038; Email-Best\u00e4tigungen"}]},{"@type":"WebSite","@id":"https:\/\/www.wedance.io\/de\/#website","url":"https:\/\/www.wedance.io\/de\/","name":"weDance","description":"Tanzschuleverwaltung Software","publisher":{"@id":"https:\/\/www.wedance.io\/de\/#organization"},"potentialAction":[{"@type":"SearchAction","target":{"@type":"EntryPoint","urlTemplate":"https:\/\/www.wedance.io\/de\/?s={search_term_string}"},"query-input":{"@type":"PropertyValueSpecification","valueRequired":true,"valueName":"search_term_string"}}],"inLanguage":"de"},{"@type":"Organization","@id":"https:\/\/www.wedance.io\/de\/#organization","name":"weDance","url":"https:\/\/www.wedance.io\/de\/","logo":{"@type":"ImageObject","inLanguage":"de","@id":"https:\/\/www.wedance.io\/de\/#\/schema\/logo\/image\/","url":"https:\/\/www.wedance.io\/de\/wp-content\/uploads\/sites\/2\/2017\/05\/logo.png","contentUrl":"https:\/\/www.wedance.io\/de\/wp-content\/uploads\/sites\/2\/2017\/05\/logo.png","width":300,"height":158,"caption":"weDance"},"image":{"@id":"https:\/\/www.wedance.io\/de\/#\/schema\/logo\/image\/"}}]}},"_links":{"self":[{"href":"https:\/\/www.wedance.io\/de\/wp-json\/wp\/v2\/pages\/303"}],"collection":[{"href":"https:\/\/www.wedance.io\/de\/wp-json\/wp\/v2\/pages"}],"about":[{"href":"https:\/\/www.wedance.io\/de\/wp-json\/wp\/v2\/types\/page"}],"author":[{"embeddable":true,"href":"https:\/\/www.wedance.io\/de\/wp-json\/wp\/v2\/users\/1"}],"replies":[{"embeddable":true,"href":"https:\/\/www.wedance.io\/de\/wp-json\/wp\/v2\/comments?post=303"}],"version-history":[{"count":4,"href":"https:\/\/www.wedance.io\/de\/wp-json\/wp\/v2\/pages\/303\/revisions"}],"predecessor-version":[{"id":335,"href":"https:\/\/www.wedance.io\/de\/wp-json\/wp\/v2\/pages\/303\/revisions\/335"}],"up":[{"embeddable":true,"href":"https:\/\/www.wedance.io\/de\/wp-json\/wp\/v2\/pages\/11"}],"wp:attachment":[{"href":"https:\/\/www.wedance.io\/de\/wp-json\/wp\/v2\/media?parent=303"}],"curies":[{"name":"wp","href":"https:\/\/api.w.org\/{rel}","templated":true}]}}