{"id":276,"date":"2017-05-22T10:33:37","date_gmt":"2017-05-22T10:33:37","guid":{"rendered":"https:\/\/www.wedance.io\/de\/?page_id=276"},"modified":"2017-05-30T09:31:33","modified_gmt":"2017-05-30T09:31:33","slug":"einstellungen","status":"publish","type":"page","link":"https:\/\/www.wedance.io\/de\/funktionen\/einstellungen\/","title":{"rendered":"Einstellungen und Mehr"},"content":{"rendered":"<div class=\"wpb-content-wrapper\">[vc_row full_width=&#8221;stretch_row&#8221; css=&#8221;.vc_custom_1495608273865{padding-top: 5% !important;}&#8221;][vc_column width=&#8221;1\/2&#8243;][vc_single_image image=&#8221;294&#8243; img_size=&#8221;medium&#8221; style=&#8221;vc_box_outline&#8221; onclick=&#8221;link_image&#8221;][\/vc_column][vc_column width=&#8221;1\/2&#8243;][vc_column_text]\n<h2>Einstellungen<\/h2>\n<p>In den Einstellungen der Tanzschulverwaltung k\u00f6nnen, neben den generellen Informationen zur Tanzschule, die Rechteverwaltung sowie die Buchhaltungs- \/ Kontodaten hinterlegt werden. Zus\u00e4tzlich kann Ihr Mailchimp-API Schl\u00fcssel\u00a0eingegeben werden, der f\u00fcr die Newsletter Funktionalit\u00e4t zwingend notwendig ist.[\/vc_column_text][\/vc_column][\/vc_row][vc_row full_width=&#8221;stretch_row&#8221; css=&#8221;.vc_custom_1495620171823{padding-top: 5% !important;padding-bottom: 5% !important;background-color: #f7f7f7 !important;}&#8221;][vc_column width=&#8221;1\/2&#8243;][vc_column_text]\n<h2>Tanzlehrer verwalten<\/h2>\n<p>Unter den Einstellungen werden auch die Tanzlehrer verwaltet. In der \u00dcbersicht werden alle Lehrer mit deren Kontaktdaten dargestellt. Hier kann nat\u00fcrlich auch wieder gefiltert bzw. exportiert werden. Um einen neuen Tanzlehrer hinzuzuf\u00fcgen klickt man einfach auf den gr\u00fcnen Button im Kopfbereich.[\/vc_column_text][\/vc_column][vc_column width=&#8221;1\/2&#8243;][vc_single_image image=&#8221;299&#8243; img_size=&#8221;medium&#8221; onclick=&#8221;link_image&#8221;][\/vc_column][\/vc_row][vc_row full_width=&#8221;stretch_row&#8221; css=&#8221;.vc_custom_1495608273865{padding-top: 5% !important;}&#8221;][vc_column width=&#8221;1\/2&#8243;][vc_single_image image=&#8221;298&#8243; img_size=&#8221;medium&#8221; style=&#8221;vc_box_outline&#8221; onclick=&#8221;link_image&#8221;][\/vc_column][vc_column width=&#8221;1\/2&#8243;][vc_column_text]\n<h2>Tanzlehrer hinzufu\u0308gen &amp; editieren<\/h2>\n<p>Beim Anlegen bzw. beim editieren eines Tanzlehrers werden einerseits die normalen Personendaten sowie Kontaktdaten eingegeben. Andererseits kann hier auch f\u00fcr jeden Tanzlehrer eine einzigartige Farbe vergeben werden. Diese Farbunterscheidung macht sich dann sp\u00e4ter in dem Kurskalender bemerkbar.[\/vc_column_text][\/vc_column][\/vc_row][vc_row full_width=&#8221;stretch_row&#8221; css=&#8221;.vc_custom_1495620171823{padding-top: 5% !important;padding-bottom: 5% !important;background-color: #f7f7f7 !important;}&#8221;][vc_column width=&#8221;1\/2&#8243;][vc_column_text]\n<h2>Orte\u00a0verwalten<\/h2>\n<p>Orte wie zum Beispiel Ihre S\u00e4le oder verschiedene Tanzschulen k\u00f6nnen\u00a0auch verwaltet werden. Jedem Ort k\u00f6nnen hier Kontaktdaten gegeben werden.[\/vc_column_text][\/vc_column][vc_column width=&#8221;1\/2&#8243;][vc_single_image image=&#8221;297&#8243; img_size=&#8221;medium&#8221; onclick=&#8221;link_image&#8221;][\/vc_column][\/vc_row][vc_row full_width=&#8221;stretch_row&#8221; css=&#8221;.vc_custom_1495608273865{padding-top: 5% !important;}&#8221;][vc_column width=&#8221;1\/2&#8243;][vc_single_image image=&#8221;296&#8243; img_size=&#8221;medium&#8221; style=&#8221;vc_box_outline&#8221; onclick=&#8221;link_image&#8221;][\/vc_column][vc_column width=&#8221;1\/2&#8243;][vc_column_text]\n<h2>Ort\u00a0hinzufu\u0308gen &amp; editieren<\/h2>\n<p>Beim Hinzuf\u00fcgen oder Editieren eines Ortes kann mit Hilfe von Google Maps der Ort direkt in der Karte angezeigt werden. So werden automatisch die Adressdaten ausgef\u00fcllt, was Zeit spart.[\/vc_column_text][\/vc_column][\/vc_row][vc_row full_width=&#8221;stretch_row&#8221; css=&#8221;.vc_custom_1495620171823{padding-top: 5% !important;padding-bottom: 5% !important;background-color: #f7f7f7 !important;}&#8221;][vc_column width=&#8221;1\/2&#8243;][vc_column_text]\n<h2>Mein Profil<\/h2>\n<p>Das eigene Profil kann \u00fcber mehrere Wege erreicht werden. Einmal \u00fcber die Hauptnavigation oben rechts oder eben \u00fcber die Einstellungen. Wenn sich zum Beispiel Kunden einloggen, k\u00f6nnen diese \u00fcber die Navigation ihr eigenes Profil bearbeiten.[\/vc_column_text][\/vc_column][vc_column width=&#8221;1\/2&#8243;][vc_single_image image=&#8221;295&#8243; img_size=&#8221;medium&#8221; onclick=&#8221;link_image&#8221;][\/vc_column][\/vc_row]\n<\/div>","protected":false},"excerpt":{"rendered":"<p>[vc_row full_width=&#8221;stretch_row&#8221; css=&#8221;.vc_custom_1495608273865{padding-top: 5% !important;}&#8221;][vc_column width=&#8221;1\/2&#8243;][vc_single_image image=&#8221;294&#8243; img_size=&#8221;medium&#8221; style=&#8221;vc_box_outline&#8221; onclick=&#8221;link_image&#8221;][\/vc_column][vc_column width=&#8221;1\/2&#8243;][vc_column_text] Einstellungen In den Einstellungen der Tanzschulverwaltung k\u00f6nnen, neben den generellen Informationen zur Tanzschule, die Rechteverwaltung sowie die Buchhaltungs- \/ Kontodaten hinterlegt werden. Zus\u00e4tzlich kann Ihr Mailchimp-API Schl\u00fcssel\u00a0eingegeben werden, der f\u00fcr die Newsletter Funktionalit\u00e4t zwingend notwendig ist.[\/vc_column_text][\/vc_column][\/vc_row][vc_row full_width=&#8221;stretch_row&#8221; css=&#8221;.vc_custom_1495620171823{padding-top: 5% !important;padding-bottom: 5% !important;background-color: #f7f7f7 !important;}&#8221;][vc_column&hellip;<\/p>\n","protected":false},"author":1,"featured_media":0,"parent":11,"menu_order":0,"comment_status":"closed","ping_status":"closed","template":"","meta":{"footnotes":""},"yoast_head":"<!-- This site is optimized with the Yoast SEO plugin v24.3 - https:\/\/yoast.com\/wordpress\/plugins\/seo\/ -->\n<title>Einstellungen und Mehr - weDance<\/title>\n<meta name=\"robots\" content=\"index, follow, max-snippet:-1, max-image-preview:large, max-video-preview:-1\" \/>\n<link rel=\"canonical\" href=\"https:\/\/www.wedance.io\/de\/funktionen\/einstellungen\/\" \/>\n<meta property=\"og:locale\" content=\"de_DE\" \/>\n<meta property=\"og:type\" content=\"article\" \/>\n<meta property=\"og:title\" content=\"Einstellungen und Mehr - weDance\" \/>\n<meta property=\"og:description\" content=\"[vc_row full_width=&#8221;stretch_row&#8221; css=&#8221;.vc_custom_1495608273865{padding-top: 5% !important;}&#8221;][vc_column width=&#8221;1\/2&#8243;][vc_single_image image=&#8221;294&#8243; img_size=&#8221;medium&#8221; style=&#8221;vc_box_outline&#8221; onclick=&#8221;link_image&#8221;][\/vc_column][vc_column width=&#8221;1\/2&#8243;][vc_column_text] Einstellungen In den Einstellungen der Tanzschulverwaltung k\u00f6nnen, neben den generellen Informationen zur Tanzschule, die Rechteverwaltung sowie die Buchhaltungs- \/ Kontodaten hinterlegt werden. Zus\u00e4tzlich kann Ihr Mailchimp-API Schl\u00fcssel\u00a0eingegeben werden, der f\u00fcr die Newsletter Funktionalit\u00e4t zwingend notwendig ist.[\/vc_column_text][\/vc_column][\/vc_row][vc_row full_width=&#8221;stretch_row&#8221; css=&#8221;.vc_custom_1495620171823{padding-top: 5% !important;padding-bottom: 5% !important;background-color: #f7f7f7 !important;}&#8221;][vc_column&hellip;\" \/>\n<meta property=\"og:url\" content=\"https:\/\/www.wedance.io\/de\/funktionen\/einstellungen\/\" \/>\n<meta property=\"og:site_name\" content=\"weDance\" \/>\n<meta property=\"article:modified_time\" content=\"2017-05-30T09:31:33+00:00\" \/>\n<meta name=\"twitter:card\" content=\"summary_large_image\" \/>\n<meta name=\"twitter:label1\" content=\"Gesch\u00e4tzte Lesezeit\" \/>\n\t<meta name=\"twitter:data1\" content=\"2\u00a0Minuten\" \/>\n<script type=\"application\/ld+json\" class=\"yoast-schema-graph\">{\"@context\":\"https:\/\/schema.org\",\"@graph\":[{\"@type\":\"WebPage\",\"@id\":\"https:\/\/www.wedance.io\/de\/funktionen\/einstellungen\/\",\"url\":\"https:\/\/www.wedance.io\/de\/funktionen\/einstellungen\/\",\"name\":\"Einstellungen und Mehr - weDance\",\"isPartOf\":{\"@id\":\"https:\/\/www.wedance.io\/de\/#website\"},\"datePublished\":\"2017-05-22T10:33:37+00:00\",\"dateModified\":\"2017-05-30T09:31:33+00:00\",\"breadcrumb\":{\"@id\":\"https:\/\/www.wedance.io\/de\/funktionen\/einstellungen\/#breadcrumb\"},\"inLanguage\":\"de\",\"potentialAction\":[{\"@type\":\"ReadAction\",\"target\":[\"https:\/\/www.wedance.io\/de\/funktionen\/einstellungen\/\"]}]},{\"@type\":\"BreadcrumbList\",\"@id\":\"https:\/\/www.wedance.io\/de\/funktionen\/einstellungen\/#breadcrumb\",\"itemListElement\":[{\"@type\":\"ListItem\",\"position\":1,\"name\":\"Home\",\"item\":\"https:\/\/www.wedance.io\/de\/\"},{\"@type\":\"ListItem\",\"position\":2,\"name\":\"Funktionen unserer Tanzschulverwaltung\",\"item\":\"https:\/\/www.wedance.io\/de\/funktionen\/\"},{\"@type\":\"ListItem\",\"position\":3,\"name\":\"Einstellungen und Mehr\"}]},{\"@type\":\"WebSite\",\"@id\":\"https:\/\/www.wedance.io\/de\/#website\",\"url\":\"https:\/\/www.wedance.io\/de\/\",\"name\":\"weDance\",\"description\":\"Tanzschuleverwaltung Software\",\"publisher\":{\"@id\":\"https:\/\/www.wedance.io\/de\/#organization\"},\"potentialAction\":[{\"@type\":\"SearchAction\",\"target\":{\"@type\":\"EntryPoint\",\"urlTemplate\":\"https:\/\/www.wedance.io\/de\/?s={search_term_string}\"},\"query-input\":{\"@type\":\"PropertyValueSpecification\",\"valueRequired\":true,\"valueName\":\"search_term_string\"}}],\"inLanguage\":\"de\"},{\"@type\":\"Organization\",\"@id\":\"https:\/\/www.wedance.io\/de\/#organization\",\"name\":\"weDance\",\"url\":\"https:\/\/www.wedance.io\/de\/\",\"logo\":{\"@type\":\"ImageObject\",\"inLanguage\":\"de\",\"@id\":\"https:\/\/www.wedance.io\/de\/#\/schema\/logo\/image\/\",\"url\":\"https:\/\/www.wedance.io\/de\/wp-content\/uploads\/sites\/2\/2017\/05\/logo.png\",\"contentUrl\":\"https:\/\/www.wedance.io\/de\/wp-content\/uploads\/sites\/2\/2017\/05\/logo.png\",\"width\":300,\"height\":158,\"caption\":\"weDance\"},\"image\":{\"@id\":\"https:\/\/www.wedance.io\/de\/#\/schema\/logo\/image\/\"}}]}<\/script>\n<!-- \/ Yoast SEO plugin. -->","yoast_head_json":{"title":"Einstellungen und Mehr - weDance","robots":{"index":"index","follow":"follow","max-snippet":"max-snippet:-1","max-image-preview":"max-image-preview:large","max-video-preview":"max-video-preview:-1"},"canonical":"https:\/\/www.wedance.io\/de\/funktionen\/einstellungen\/","og_locale":"de_DE","og_type":"article","og_title":"Einstellungen und Mehr - weDance","og_description":"[vc_row full_width=&#8221;stretch_row&#8221; css=&#8221;.vc_custom_1495608273865{padding-top: 5% !important;}&#8221;][vc_column width=&#8221;1\/2&#8243;][vc_single_image image=&#8221;294&#8243; img_size=&#8221;medium&#8221; style=&#8221;vc_box_outline&#8221; onclick=&#8221;link_image&#8221;][\/vc_column][vc_column width=&#8221;1\/2&#8243;][vc_column_text] Einstellungen In den Einstellungen der Tanzschulverwaltung k\u00f6nnen, neben den generellen Informationen zur Tanzschule, die Rechteverwaltung sowie die Buchhaltungs- \/ Kontodaten hinterlegt werden. Zus\u00e4tzlich kann Ihr Mailchimp-API Schl\u00fcssel\u00a0eingegeben werden, der f\u00fcr die Newsletter Funktionalit\u00e4t zwingend notwendig ist.[\/vc_column_text][\/vc_column][\/vc_row][vc_row full_width=&#8221;stretch_row&#8221; css=&#8221;.vc_custom_1495620171823{padding-top: 5% !important;padding-bottom: 5% !important;background-color: #f7f7f7 !important;}&#8221;][vc_column&hellip;","og_url":"https:\/\/www.wedance.io\/de\/funktionen\/einstellungen\/","og_site_name":"weDance","article_modified_time":"2017-05-30T09:31:33+00:00","twitter_card":"summary_large_image","twitter_misc":{"Gesch\u00e4tzte Lesezeit":"2\u00a0Minuten"},"schema":{"@context":"https:\/\/schema.org","@graph":[{"@type":"WebPage","@id":"https:\/\/www.wedance.io\/de\/funktionen\/einstellungen\/","url":"https:\/\/www.wedance.io\/de\/funktionen\/einstellungen\/","name":"Einstellungen und Mehr - weDance","isPartOf":{"@id":"https:\/\/www.wedance.io\/de\/#website"},"datePublished":"2017-05-22T10:33:37+00:00","dateModified":"2017-05-30T09:31:33+00:00","breadcrumb":{"@id":"https:\/\/www.wedance.io\/de\/funktionen\/einstellungen\/#breadcrumb"},"inLanguage":"de","potentialAction":[{"@type":"ReadAction","target":["https:\/\/www.wedance.io\/de\/funktionen\/einstellungen\/"]}]},{"@type":"BreadcrumbList","@id":"https:\/\/www.wedance.io\/de\/funktionen\/einstellungen\/#breadcrumb","itemListElement":[{"@type":"ListItem","position":1,"name":"Home","item":"https:\/\/www.wedance.io\/de\/"},{"@type":"ListItem","position":2,"name":"Funktionen unserer Tanzschulverwaltung","item":"https:\/\/www.wedance.io\/de\/funktionen\/"},{"@type":"ListItem","position":3,"name":"Einstellungen und Mehr"}]},{"@type":"WebSite","@id":"https:\/\/www.wedance.io\/de\/#website","url":"https:\/\/www.wedance.io\/de\/","name":"weDance","description":"Tanzschuleverwaltung Software","publisher":{"@id":"https:\/\/www.wedance.io\/de\/#organization"},"potentialAction":[{"@type":"SearchAction","target":{"@type":"EntryPoint","urlTemplate":"https:\/\/www.wedance.io\/de\/?s={search_term_string}"},"query-input":{"@type":"PropertyValueSpecification","valueRequired":true,"valueName":"search_term_string"}}],"inLanguage":"de"},{"@type":"Organization","@id":"https:\/\/www.wedance.io\/de\/#organization","name":"weDance","url":"https:\/\/www.wedance.io\/de\/","logo":{"@type":"ImageObject","inLanguage":"de","@id":"https:\/\/www.wedance.io\/de\/#\/schema\/logo\/image\/","url":"https:\/\/www.wedance.io\/de\/wp-content\/uploads\/sites\/2\/2017\/05\/logo.png","contentUrl":"https:\/\/www.wedance.io\/de\/wp-content\/uploads\/sites\/2\/2017\/05\/logo.png","width":300,"height":158,"caption":"weDance"},"image":{"@id":"https:\/\/www.wedance.io\/de\/#\/schema\/logo\/image\/"}}]}},"_links":{"self":[{"href":"https:\/\/www.wedance.io\/de\/wp-json\/wp\/v2\/pages\/276"}],"collection":[{"href":"https:\/\/www.wedance.io\/de\/wp-json\/wp\/v2\/pages"}],"about":[{"href":"https:\/\/www.wedance.io\/de\/wp-json\/wp\/v2\/types\/page"}],"author":[{"embeddable":true,"href":"https:\/\/www.wedance.io\/de\/wp-json\/wp\/v2\/users\/1"}],"replies":[{"embeddable":true,"href":"https:\/\/www.wedance.io\/de\/wp-json\/wp\/v2\/comments?post=276"}],"version-history":[{"count":4,"href":"https:\/\/www.wedance.io\/de\/wp-json\/wp\/v2\/pages\/276\/revisions"}],"predecessor-version":[{"id":493,"href":"https:\/\/www.wedance.io\/de\/wp-json\/wp\/v2\/pages\/276\/revisions\/493"}],"up":[{"embeddable":true,"href":"https:\/\/www.wedance.io\/de\/wp-json\/wp\/v2\/pages\/11"}],"wp:attachment":[{"href":"https:\/\/www.wedance.io\/de\/wp-json\/wp\/v2\/media?parent=276"}],"curies":[{"name":"wp","href":"https:\/\/api.w.org\/{rel}","templated":true}]}}