{"id":238,"date":"2017-05-22T10:33:37","date_gmt":"2017-05-22T10:33:37","guid":{"rendered":"https:\/\/www.wedance.io\/de\/?page_id=238"},"modified":"2017-05-30T09:30:14","modified_gmt":"2017-05-30T09:30:14","slug":"thekenplanung","status":"publish","type":"page","link":"https:\/\/www.wedance.io\/de\/funktionen\/thekenplanung\/","title":{"rendered":"Thekenplanung"},"content":{"rendered":"<div class=\"wpb-content-wrapper\">[vc_row][vc_column][vc_column_text]\n<p style=\"text-align: center;\"><strong>Planen Sie Ihre Thekenschichten und Arbeitstermine.<\/strong><\/p>\n[\/vc_column_text][\/vc_column][\/vc_row][vc_row full_width=&#8221;stretch_row&#8221; css=&#8221;.vc_custom_1495608273865{padding-top: 5% !important;}&#8221;][vc_column width=&#8221;1\/2&#8243;][vc_single_image image=&#8221;250&#8243; img_size=&#8221;medium&#8221; style=&#8221;vc_box_outline&#8221; onclick=&#8221;link_image&#8221;][\/vc_column][vc_column width=&#8221;1\/2&#8243;][vc_column_text]\n<h2>Arbeitsplanung<\/h2>\n<p>Der interaktive Kalender der Arbeitsplanung zeigt an wann welches Thekenpersonal arbeiten muss. Monats-,\u00a0Wochen- und Tagesansicht der Arbeitstermine ist hier m\u00f6glich. In der rechten Seitenleiste stehen die Termine inklusive der Namen &amp; Zeiten noch einmal detailliert.[\/vc_column_text][\/vc_column][\/vc_row][vc_row full_width=&#8221;stretch_row&#8221; css=&#8221;.vc_custom_1495620171823{padding-top: 5% !important;padding-bottom: 5% !important;background-color: #f7f7f7 !important;}&#8221;][vc_column width=&#8221;1\/2&#8243;][vc_column_text]\n<h2>Arbeitstag hinzufu\u0308gen<\/h2>\n<p>Einen Arbeitstag f\u00fcgen Sie ganz einfach hinzu indem Sie das Thekenpersonal ausw\u00e4hlen, den Ort wo zu arbeiten ist und die Termine sowie die Uhrzeit. Vor dem speichern ist es m\u00f6glich eine Kalenderdatei (iCal) an die Email der Arbeitskr\u00e4fte zu schicken.[\/vc_column_text][\/vc_column][vc_column width=&#8221;1\/2&#8243;][vc_single_image image=&#8221;247&#8243; img_size=&#8221;medium&#8221; onclick=&#8221;link_image&#8221;][\/vc_column][\/vc_row][vc_row full_width=&#8221;stretch_row&#8221; css=&#8221;.vc_custom_1495608273865{padding-top: 5% !important;}&#8221;][vc_column width=&#8221;1\/2&#8243;][vc_single_image image=&#8221;248&#8243; img_size=&#8221;medium&#8221; style=&#8221;vc_box_outline&#8221; onclick=&#8221;link_image&#8221;][\/vc_column][vc_column width=&#8221;1\/2&#8243;][vc_column_text]\n<h2>Thekenpersonal<\/h2>\n<p>Damit einem Arbeitstag auch Thekenpersonal zugewiesen werden kann, m\u00fcssen diese vorerst angelegt werden. In der \u00dcbersicht dazu finden Sie das\u00a0bisher von Ihnen erstellten Personal plus\u00a0Kontaktdaten.[\/vc_column_text][\/vc_column][\/vc_row][vc_row full_width=&#8221;stretch_row&#8221; css=&#8221;.vc_custom_1495620171823{padding-top: 5% !important;padding-bottom: 5% !important;background-color: #f7f7f7 !important;}&#8221;][vc_column width=&#8221;1\/2&#8243;][vc_column_text]\n<h2>Thekenpersonal bearbeiten \/ anlegen<\/h2>\n<p>Ein Thekenpersonal hinzuf\u00fcgen oder bearbeiten erfolgt wie gewohnt: Name, Adresse &amp; Kontaktdaten sind hier anzugeben. Ein Profilbild kann ebenfalls erg\u00e4nzt werden.[\/vc_column_text][\/vc_column][vc_column width=&#8221;1\/2&#8243;][vc_single_image image=&#8221;249&#8243; img_size=&#8221;medium&#8221; onclick=&#8221;link_image&#8221;][\/vc_column][\/vc_row]\n<\/div>","protected":false},"excerpt":{"rendered":"<p>[vc_row][vc_column][vc_column_text] Planen Sie Ihre Thekenschichten und Arbeitstermine. [\/vc_column_text][\/vc_column][\/vc_row][vc_row full_width=&#8221;stretch_row&#8221; css=&#8221;.vc_custom_1495608273865{padding-top: 5% !important;}&#8221;][vc_column width=&#8221;1\/2&#8243;][vc_single_image image=&#8221;250&#8243; img_size=&#8221;medium&#8221; style=&#8221;vc_box_outline&#8221; onclick=&#8221;link_image&#8221;][\/vc_column][vc_column width=&#8221;1\/2&#8243;][vc_column_text] Arbeitsplanung Der interaktive Kalender der Arbeitsplanung zeigt an wann welches Thekenpersonal arbeiten muss. Monats-,\u00a0Wochen- und Tagesansicht der Arbeitstermine ist hier m\u00f6glich. In der rechten Seitenleiste stehen die Termine inklusive der Namen &amp; Zeiten noch einmal detailliert.[\/vc_column_text][\/vc_column][\/vc_row][vc_row full_width=&#8221;stretch_row&#8221;&hellip;<\/p>\n","protected":false},"author":1,"featured_media":0,"parent":11,"menu_order":0,"comment_status":"closed","ping_status":"closed","template":"","meta":{"footnotes":""},"yoast_head":"<!-- This site is optimized with the Yoast SEO plugin v24.3 - https:\/\/yoast.com\/wordpress\/plugins\/seo\/ -->\n<title>Thekenplanung - weDance<\/title>\n<meta name=\"robots\" content=\"index, follow, max-snippet:-1, max-image-preview:large, max-video-preview:-1\" \/>\n<link rel=\"canonical\" href=\"https:\/\/www.wedance.io\/de\/funktionen\/thekenplanung\/\" \/>\n<meta property=\"og:locale\" content=\"de_DE\" \/>\n<meta property=\"og:type\" content=\"article\" \/>\n<meta property=\"og:title\" content=\"Thekenplanung - weDance\" \/>\n<meta property=\"og:description\" content=\"[vc_row][vc_column][vc_column_text] Planen Sie Ihre Thekenschichten und Arbeitstermine. [\/vc_column_text][\/vc_column][\/vc_row][vc_row full_width=&#8221;stretch_row&#8221; css=&#8221;.vc_custom_1495608273865{padding-top: 5% !important;}&#8221;][vc_column width=&#8221;1\/2&#8243;][vc_single_image image=&#8221;250&#8243; img_size=&#8221;medium&#8221; style=&#8221;vc_box_outline&#8221; onclick=&#8221;link_image&#8221;][\/vc_column][vc_column width=&#8221;1\/2&#8243;][vc_column_text] Arbeitsplanung Der interaktive Kalender der Arbeitsplanung zeigt an wann welches Thekenpersonal arbeiten muss. Monats-,\u00a0Wochen- und Tagesansicht der Arbeitstermine ist hier m\u00f6glich. In der rechten Seitenleiste stehen die Termine inklusive der Namen &amp; Zeiten noch einmal detailliert.[\/vc_column_text][\/vc_column][\/vc_row][vc_row full_width=&#8221;stretch_row&#8221;&hellip;\" \/>\n<meta property=\"og:url\" content=\"https:\/\/www.wedance.io\/de\/funktionen\/thekenplanung\/\" \/>\n<meta property=\"og:site_name\" content=\"weDance\" \/>\n<meta property=\"article:modified_time\" content=\"2017-05-30T09:30:14+00:00\" \/>\n<meta name=\"twitter:card\" content=\"summary_large_image\" \/>\n<meta name=\"twitter:label1\" content=\"Gesch\u00e4tzte Lesezeit\" \/>\n\t<meta name=\"twitter:data1\" content=\"2\u00a0Minuten\" \/>\n<script type=\"application\/ld+json\" class=\"yoast-schema-graph\">{\"@context\":\"https:\/\/schema.org\",\"@graph\":[{\"@type\":\"WebPage\",\"@id\":\"https:\/\/www.wedance.io\/de\/funktionen\/thekenplanung\/\",\"url\":\"https:\/\/www.wedance.io\/de\/funktionen\/thekenplanung\/\",\"name\":\"Thekenplanung - weDance\",\"isPartOf\":{\"@id\":\"https:\/\/www.wedance.io\/de\/#website\"},\"datePublished\":\"2017-05-22T10:33:37+00:00\",\"dateModified\":\"2017-05-30T09:30:14+00:00\",\"breadcrumb\":{\"@id\":\"https:\/\/www.wedance.io\/de\/funktionen\/thekenplanung\/#breadcrumb\"},\"inLanguage\":\"de\",\"potentialAction\":[{\"@type\":\"ReadAction\",\"target\":[\"https:\/\/www.wedance.io\/de\/funktionen\/thekenplanung\/\"]}]},{\"@type\":\"BreadcrumbList\",\"@id\":\"https:\/\/www.wedance.io\/de\/funktionen\/thekenplanung\/#breadcrumb\",\"itemListElement\":[{\"@type\":\"ListItem\",\"position\":1,\"name\":\"Home\",\"item\":\"https:\/\/www.wedance.io\/de\/\"},{\"@type\":\"ListItem\",\"position\":2,\"name\":\"Funktionen unserer Tanzschulverwaltung\",\"item\":\"https:\/\/www.wedance.io\/de\/funktionen\/\"},{\"@type\":\"ListItem\",\"position\":3,\"name\":\"Thekenplanung\"}]},{\"@type\":\"WebSite\",\"@id\":\"https:\/\/www.wedance.io\/de\/#website\",\"url\":\"https:\/\/www.wedance.io\/de\/\",\"name\":\"weDance\",\"description\":\"Tanzschuleverwaltung Software\",\"publisher\":{\"@id\":\"https:\/\/www.wedance.io\/de\/#organization\"},\"potentialAction\":[{\"@type\":\"SearchAction\",\"target\":{\"@type\":\"EntryPoint\",\"urlTemplate\":\"https:\/\/www.wedance.io\/de\/?s={search_term_string}\"},\"query-input\":{\"@type\":\"PropertyValueSpecification\",\"valueRequired\":true,\"valueName\":\"search_term_string\"}}],\"inLanguage\":\"de\"},{\"@type\":\"Organization\",\"@id\":\"https:\/\/www.wedance.io\/de\/#organization\",\"name\":\"weDance\",\"url\":\"https:\/\/www.wedance.io\/de\/\",\"logo\":{\"@type\":\"ImageObject\",\"inLanguage\":\"de\",\"@id\":\"https:\/\/www.wedance.io\/de\/#\/schema\/logo\/image\/\",\"url\":\"https:\/\/www.wedance.io\/de\/wp-content\/uploads\/sites\/2\/2017\/05\/logo.png\",\"contentUrl\":\"https:\/\/www.wedance.io\/de\/wp-content\/uploads\/sites\/2\/2017\/05\/logo.png\",\"width\":300,\"height\":158,\"caption\":\"weDance\"},\"image\":{\"@id\":\"https:\/\/www.wedance.io\/de\/#\/schema\/logo\/image\/\"}}]}<\/script>\n<!-- \/ Yoast SEO plugin. -->","yoast_head_json":{"title":"Thekenplanung - weDance","robots":{"index":"index","follow":"follow","max-snippet":"max-snippet:-1","max-image-preview":"max-image-preview:large","max-video-preview":"max-video-preview:-1"},"canonical":"https:\/\/www.wedance.io\/de\/funktionen\/thekenplanung\/","og_locale":"de_DE","og_type":"article","og_title":"Thekenplanung - weDance","og_description":"[vc_row][vc_column][vc_column_text] Planen Sie Ihre Thekenschichten und Arbeitstermine. [\/vc_column_text][\/vc_column][\/vc_row][vc_row full_width=&#8221;stretch_row&#8221; css=&#8221;.vc_custom_1495608273865{padding-top: 5% !important;}&#8221;][vc_column width=&#8221;1\/2&#8243;][vc_single_image image=&#8221;250&#8243; img_size=&#8221;medium&#8221; style=&#8221;vc_box_outline&#8221; onclick=&#8221;link_image&#8221;][\/vc_column][vc_column width=&#8221;1\/2&#8243;][vc_column_text] Arbeitsplanung Der interaktive Kalender der Arbeitsplanung zeigt an wann welches Thekenpersonal arbeiten muss. Monats-,\u00a0Wochen- und Tagesansicht der Arbeitstermine ist hier m\u00f6glich. In der rechten Seitenleiste stehen die Termine inklusive der Namen &amp; Zeiten noch einmal detailliert.[\/vc_column_text][\/vc_column][\/vc_row][vc_row full_width=&#8221;stretch_row&#8221;&hellip;","og_url":"https:\/\/www.wedance.io\/de\/funktionen\/thekenplanung\/","og_site_name":"weDance","article_modified_time":"2017-05-30T09:30:14+00:00","twitter_card":"summary_large_image","twitter_misc":{"Gesch\u00e4tzte Lesezeit":"2\u00a0Minuten"},"schema":{"@context":"https:\/\/schema.org","@graph":[{"@type":"WebPage","@id":"https:\/\/www.wedance.io\/de\/funktionen\/thekenplanung\/","url":"https:\/\/www.wedance.io\/de\/funktionen\/thekenplanung\/","name":"Thekenplanung - weDance","isPartOf":{"@id":"https:\/\/www.wedance.io\/de\/#website"},"datePublished":"2017-05-22T10:33:37+00:00","dateModified":"2017-05-30T09:30:14+00:00","breadcrumb":{"@id":"https:\/\/www.wedance.io\/de\/funktionen\/thekenplanung\/#breadcrumb"},"inLanguage":"de","potentialAction":[{"@type":"ReadAction","target":["https:\/\/www.wedance.io\/de\/funktionen\/thekenplanung\/"]}]},{"@type":"BreadcrumbList","@id":"https:\/\/www.wedance.io\/de\/funktionen\/thekenplanung\/#breadcrumb","itemListElement":[{"@type":"ListItem","position":1,"name":"Home","item":"https:\/\/www.wedance.io\/de\/"},{"@type":"ListItem","position":2,"name":"Funktionen unserer Tanzschulverwaltung","item":"https:\/\/www.wedance.io\/de\/funktionen\/"},{"@type":"ListItem","position":3,"name":"Thekenplanung"}]},{"@type":"WebSite","@id":"https:\/\/www.wedance.io\/de\/#website","url":"https:\/\/www.wedance.io\/de\/","name":"weDance","description":"Tanzschuleverwaltung Software","publisher":{"@id":"https:\/\/www.wedance.io\/de\/#organization"},"potentialAction":[{"@type":"SearchAction","target":{"@type":"EntryPoint","urlTemplate":"https:\/\/www.wedance.io\/de\/?s={search_term_string}"},"query-input":{"@type":"PropertyValueSpecification","valueRequired":true,"valueName":"search_term_string"}}],"inLanguage":"de"},{"@type":"Organization","@id":"https:\/\/www.wedance.io\/de\/#organization","name":"weDance","url":"https:\/\/www.wedance.io\/de\/","logo":{"@type":"ImageObject","inLanguage":"de","@id":"https:\/\/www.wedance.io\/de\/#\/schema\/logo\/image\/","url":"https:\/\/www.wedance.io\/de\/wp-content\/uploads\/sites\/2\/2017\/05\/logo.png","contentUrl":"https:\/\/www.wedance.io\/de\/wp-content\/uploads\/sites\/2\/2017\/05\/logo.png","width":300,"height":158,"caption":"weDance"},"image":{"@id":"https:\/\/www.wedance.io\/de\/#\/schema\/logo\/image\/"}}]}},"_links":{"self":[{"href":"https:\/\/www.wedance.io\/de\/wp-json\/wp\/v2\/pages\/238"}],"collection":[{"href":"https:\/\/www.wedance.io\/de\/wp-json\/wp\/v2\/pages"}],"about":[{"href":"https:\/\/www.wedance.io\/de\/wp-json\/wp\/v2\/types\/page"}],"author":[{"embeddable":true,"href":"https:\/\/www.wedance.io\/de\/wp-json\/wp\/v2\/users\/1"}],"replies":[{"embeddable":true,"href":"https:\/\/www.wedance.io\/de\/wp-json\/wp\/v2\/comments?post=238"}],"version-history":[{"count":3,"href":"https:\/\/www.wedance.io\/de\/wp-json\/wp\/v2\/pages\/238\/revisions"}],"predecessor-version":[{"id":253,"href":"https:\/\/www.wedance.io\/de\/wp-json\/wp\/v2\/pages\/238\/revisions\/253"}],"up":[{"embeddable":true,"href":"https:\/\/www.wedance.io\/de\/wp-json\/wp\/v2\/pages\/11"}],"wp:attachment":[{"href":"https:\/\/www.wedance.io\/de\/wp-json\/wp\/v2\/media?parent=238"}],"curies":[{"name":"wp","href":"https:\/\/api.w.org\/{rel}","templated":true}]}}