{"id":219,"date":"2017-05-22T10:33:37","date_gmt":"2017-05-22T10:33:37","guid":{"rendered":"https:\/\/www.wedance.io\/de\/?page_id=219"},"modified":"2017-07-23T14:54:45","modified_gmt":"2017-07-23T14:54:45","slug":"eventmanagement","status":"publish","type":"page","link":"https:\/\/www.wedance.io\/de\/funktionen\/eventmanagement\/","title":{"rendered":"Event-Management"},"content":{"rendered":"<div class=\"wpb-content-wrapper\">[vc_row][vc_column][vc_column_text]\n<p style=\"text-align: center;\"><strong>Verwalten Sie Ihre Events wie zum Beispiel den n\u00e4chsten Ball<br \/>\noder die n\u00e4chste Tanzparty \u2013 mit Leichtigkeit<\/strong><\/p>\n[\/vc_column_text][\/vc_column][\/vc_row][vc_row full_width=&#8221;stretch_row&#8221; css=&#8221;.vc_custom_1495608273865{padding-top: 5% !important;}&#8221;][vc_column width=&#8221;1\/2&#8243;][vc_single_image image=&#8221;230&#8243; img_size=&#8221;medium&#8221; style=&#8221;vc_box_outline&#8221; onclick=&#8221;link_image&#8221;][\/vc_column][vc_column width=&#8221;1\/2&#8243;][vc_column_text]\n<h2>Event-\u00dcbersicht<\/h2>\n<p>In der Event-\u00dcbersicht finden sich Ihre angelegten Events wieder. Name, Datum, Teilnehmer und Preis inbegriffen, damit Sie nicht lange suchen m\u00fcssen.<\/p>\n<ul>\n<li>Alle Eventdaten im \u00dcberblick<\/li>\n<li>Teilnehmer\u00a0einsehen<\/li>\n<li>Rechnungen erstellen<\/li>\n<li>Best\u00e4tigungsmails versenden<\/li>\n<\/ul>\n[\/vc_column_text][\/vc_column][\/vc_row][vc_row full_width=&#8221;stretch_row&#8221; css=&#8221;.vc_custom_1495547204894{padding-top: 5% !important;padding-bottom: 5% !important;}&#8221;][vc_column width=&#8221;1\/2&#8243;][vc_single_image image=&#8221;229&#8243; img_size=&#8221;medium&#8221; style=&#8221;vc_box_outline&#8221; onclick=&#8221;link_image&#8221;][vc_column_text]\n<h3>Event Teilnehmer<\/h3>\n<p>\u00dcberpr\u00fcfen Sie die Anzahl der Event Teilnehmer und ob diese bezahlt haben.\u00a0Zus\u00e4tzlich k\u00f6nnen Sie Rechnungen f\u00fcr Teilnehmer erstellen oder eine Best\u00e4tigungsmail versenden.[\/vc_column_text][\/vc_column][vc_column width=&#8221;1\/2&#8243;][vc_single_image image=&#8221;236&#8243; img_size=&#8221;medium&#8221; style=&#8221;vc_box_outline&#8221; onclick=&#8221;link_image&#8221;][vc_column_text]\n<h3>Events\u00a0Exportieren &amp; Echzeit-Suche<\/h3>\n<p>Schnell Ihre Events\u00a0als Excel, Print,\u00a0CSV oder sogar\u00a0PDF Format exportieren. Zudem erleichtert Ihnen die Echtzeit-Suche die Arbeit und filtert Ihre Events nach belieben.[\/vc_column_text][\/vc_column][\/vc_row][vc_row full_width=&#8221;stretch_row&#8221; css=&#8221;.vc_custom_1495618421685{padding-top: 5% !important;padding-bottom: 5% !important;background-color: #f7f7f7 !important;}&#8221;][vc_column width=&#8221;1\/2&#8243;][vc_column_text]\n<h2>Event anlegen \/ bearbeiten<\/h2>\n<p>Bei der Erstellung \/ Bearbeitung eines Events k\u00f6nnen Sie Event-Namen, Termine, Location, Preis und die maximal Teilnehmerzahl festlegen. Au\u00dferdem k\u00f6nnen Sie, wie bei der Kursbearbeitung, verschiedene Kunden hinzuf\u00fcgen, die an dem Event teilnehmen. Hier dann aber statt dem Partner, die Anzahl an Teilnehmern bzw. die Anzahl der ben\u00f6tigten Eintrittskarten \/ Tickets.[\/vc_column_text][\/vc_column][vc_column width=&#8221;1\/2&#8243;][vc_single_image image=&#8221;228&#8243; img_size=&#8221;medium&#8221; onclick=&#8221;link_image&#8221;][\/vc_column][\/vc_row][vc_row full_width=&#8221;stretch_row&#8221; css=&#8221;.vc_custom_1495618429184{padding-top: 5% !important;padding-bottom: 5% !important;}&#8221;][vc_column width=&#8221;1\/2&#8243;][vc_single_image image=&#8221;235&#8243; img_size=&#8221;medium&#8221; onclick=&#8221;link_image&#8221;][\/vc_column][vc_column width=&#8221;1\/2&#8243;][vc_column_text]\n<h2>Eventkalender<\/h2>\n<p>Mit dem Eventkalender sehen Sie auf nur einer Seite, welche Events wann in diesem Monat stattfinden. Daneben auch noch eine Liste mit mehr Informationen zu den anstehenden Events.[\/vc_column_text][\/vc_column][\/vc_row]\n<\/div>","protected":false},"excerpt":{"rendered":"<p>[vc_row][vc_column][vc_column_text] Verwalten Sie Ihre Events wie zum Beispiel den n\u00e4chsten Ball oder die n\u00e4chste Tanzparty \u2013 mit Leichtigkeit [\/vc_column_text][\/vc_column][\/vc_row][vc_row full_width=&#8221;stretch_row&#8221; css=&#8221;.vc_custom_1495608273865{padding-top: 5% !important;}&#8221;][vc_column width=&#8221;1\/2&#8243;][vc_single_image image=&#8221;230&#8243; img_size=&#8221;medium&#8221; style=&#8221;vc_box_outline&#8221; onclick=&#8221;link_image&#8221;][\/vc_column][vc_column width=&#8221;1\/2&#8243;][vc_column_text] Event-\u00dcbersicht In der Event-\u00dcbersicht finden sich Ihre angelegten Events wieder. Name, Datum, Teilnehmer und Preis inbegriffen, damit Sie nicht lange suchen m\u00fcssen. Alle Eventdaten im \u00dcberblick&hellip;<\/p>\n","protected":false},"author":1,"featured_media":0,"parent":11,"menu_order":0,"comment_status":"closed","ping_status":"closed","template":"","meta":{"footnotes":""},"yoast_head":"<!-- This site is optimized with the Yoast SEO plugin v24.3 - https:\/\/yoast.com\/wordpress\/plugins\/seo\/ -->\n<title>Event-Management - weDance<\/title>\n<meta name=\"robots\" content=\"index, follow, max-snippet:-1, max-image-preview:large, max-video-preview:-1\" \/>\n<link rel=\"canonical\" href=\"https:\/\/www.wedance.io\/de\/funktionen\/eventmanagement\/\" \/>\n<meta property=\"og:locale\" content=\"de_DE\" \/>\n<meta property=\"og:type\" content=\"article\" \/>\n<meta property=\"og:title\" content=\"Event-Management - weDance\" \/>\n<meta property=\"og:description\" content=\"[vc_row][vc_column][vc_column_text] Verwalten Sie Ihre Events wie zum Beispiel den n\u00e4chsten Ball oder die n\u00e4chste Tanzparty \u2013 mit Leichtigkeit [\/vc_column_text][\/vc_column][\/vc_row][vc_row full_width=&#8221;stretch_row&#8221; css=&#8221;.vc_custom_1495608273865{padding-top: 5% !important;}&#8221;][vc_column width=&#8221;1\/2&#8243;][vc_single_image image=&#8221;230&#8243; img_size=&#8221;medium&#8221; style=&#8221;vc_box_outline&#8221; onclick=&#8221;link_image&#8221;][\/vc_column][vc_column width=&#8221;1\/2&#8243;][vc_column_text] Event-\u00dcbersicht In der Event-\u00dcbersicht finden sich Ihre angelegten Events wieder. Name, Datum, Teilnehmer und Preis inbegriffen, damit Sie nicht lange suchen m\u00fcssen. Alle Eventdaten im \u00dcberblick&hellip;\" \/>\n<meta property=\"og:url\" content=\"https:\/\/www.wedance.io\/de\/funktionen\/eventmanagement\/\" \/>\n<meta property=\"og:site_name\" content=\"weDance\" \/>\n<meta property=\"article:modified_time\" content=\"2017-07-23T14:54:45+00:00\" \/>\n<meta name=\"twitter:card\" content=\"summary_large_image\" \/>\n<meta name=\"twitter:label1\" content=\"Gesch\u00e4tzte Lesezeit\" \/>\n\t<meta name=\"twitter:data1\" content=\"2\u00a0Minuten\" \/>\n<script type=\"application\/ld+json\" class=\"yoast-schema-graph\">{\"@context\":\"https:\/\/schema.org\",\"@graph\":[{\"@type\":\"WebPage\",\"@id\":\"https:\/\/www.wedance.io\/de\/funktionen\/eventmanagement\/\",\"url\":\"https:\/\/www.wedance.io\/de\/funktionen\/eventmanagement\/\",\"name\":\"Event-Management - weDance\",\"isPartOf\":{\"@id\":\"https:\/\/www.wedance.io\/de\/#website\"},\"datePublished\":\"2017-05-22T10:33:37+00:00\",\"dateModified\":\"2017-07-23T14:54:45+00:00\",\"breadcrumb\":{\"@id\":\"https:\/\/www.wedance.io\/de\/funktionen\/eventmanagement\/#breadcrumb\"},\"inLanguage\":\"de\",\"potentialAction\":[{\"@type\":\"ReadAction\",\"target\":[\"https:\/\/www.wedance.io\/de\/funktionen\/eventmanagement\/\"]}]},{\"@type\":\"BreadcrumbList\",\"@id\":\"https:\/\/www.wedance.io\/de\/funktionen\/eventmanagement\/#breadcrumb\",\"itemListElement\":[{\"@type\":\"ListItem\",\"position\":1,\"name\":\"Home\",\"item\":\"https:\/\/www.wedance.io\/de\/\"},{\"@type\":\"ListItem\",\"position\":2,\"name\":\"Funktionen unserer Tanzschulverwaltung\",\"item\":\"https:\/\/www.wedance.io\/de\/funktionen\/\"},{\"@type\":\"ListItem\",\"position\":3,\"name\":\"Event-Management\"}]},{\"@type\":\"WebSite\",\"@id\":\"https:\/\/www.wedance.io\/de\/#website\",\"url\":\"https:\/\/www.wedance.io\/de\/\",\"name\":\"weDance\",\"description\":\"Tanzschuleverwaltung Software\",\"publisher\":{\"@id\":\"https:\/\/www.wedance.io\/de\/#organization\"},\"potentialAction\":[{\"@type\":\"SearchAction\",\"target\":{\"@type\":\"EntryPoint\",\"urlTemplate\":\"https:\/\/www.wedance.io\/de\/?s={search_term_string}\"},\"query-input\":{\"@type\":\"PropertyValueSpecification\",\"valueRequired\":true,\"valueName\":\"search_term_string\"}}],\"inLanguage\":\"de\"},{\"@type\":\"Organization\",\"@id\":\"https:\/\/www.wedance.io\/de\/#organization\",\"name\":\"weDance\",\"url\":\"https:\/\/www.wedance.io\/de\/\",\"logo\":{\"@type\":\"ImageObject\",\"inLanguage\":\"de\",\"@id\":\"https:\/\/www.wedance.io\/de\/#\/schema\/logo\/image\/\",\"url\":\"https:\/\/www.wedance.io\/de\/wp-content\/uploads\/sites\/2\/2017\/05\/logo.png\",\"contentUrl\":\"https:\/\/www.wedance.io\/de\/wp-content\/uploads\/sites\/2\/2017\/05\/logo.png\",\"width\":300,\"height\":158,\"caption\":\"weDance\"},\"image\":{\"@id\":\"https:\/\/www.wedance.io\/de\/#\/schema\/logo\/image\/\"}}]}<\/script>\n<!-- \/ Yoast SEO plugin. -->","yoast_head_json":{"title":"Event-Management - weDance","robots":{"index":"index","follow":"follow","max-snippet":"max-snippet:-1","max-image-preview":"max-image-preview:large","max-video-preview":"max-video-preview:-1"},"canonical":"https:\/\/www.wedance.io\/de\/funktionen\/eventmanagement\/","og_locale":"de_DE","og_type":"article","og_title":"Event-Management - weDance","og_description":"[vc_row][vc_column][vc_column_text] Verwalten Sie Ihre Events wie zum Beispiel den n\u00e4chsten Ball oder die n\u00e4chste Tanzparty \u2013 mit Leichtigkeit [\/vc_column_text][\/vc_column][\/vc_row][vc_row full_width=&#8221;stretch_row&#8221; css=&#8221;.vc_custom_1495608273865{padding-top: 5% !important;}&#8221;][vc_column width=&#8221;1\/2&#8243;][vc_single_image image=&#8221;230&#8243; img_size=&#8221;medium&#8221; style=&#8221;vc_box_outline&#8221; onclick=&#8221;link_image&#8221;][\/vc_column][vc_column width=&#8221;1\/2&#8243;][vc_column_text] Event-\u00dcbersicht In der Event-\u00dcbersicht finden sich Ihre angelegten Events wieder. Name, Datum, Teilnehmer und Preis inbegriffen, damit Sie nicht lange suchen m\u00fcssen. Alle Eventdaten im \u00dcberblick&hellip;","og_url":"https:\/\/www.wedance.io\/de\/funktionen\/eventmanagement\/","og_site_name":"weDance","article_modified_time":"2017-07-23T14:54:45+00:00","twitter_card":"summary_large_image","twitter_misc":{"Gesch\u00e4tzte Lesezeit":"2\u00a0Minuten"},"schema":{"@context":"https:\/\/schema.org","@graph":[{"@type":"WebPage","@id":"https:\/\/www.wedance.io\/de\/funktionen\/eventmanagement\/","url":"https:\/\/www.wedance.io\/de\/funktionen\/eventmanagement\/","name":"Event-Management - weDance","isPartOf":{"@id":"https:\/\/www.wedance.io\/de\/#website"},"datePublished":"2017-05-22T10:33:37+00:00","dateModified":"2017-07-23T14:54:45+00:00","breadcrumb":{"@id":"https:\/\/www.wedance.io\/de\/funktionen\/eventmanagement\/#breadcrumb"},"inLanguage":"de","potentialAction":[{"@type":"ReadAction","target":["https:\/\/www.wedance.io\/de\/funktionen\/eventmanagement\/"]}]},{"@type":"BreadcrumbList","@id":"https:\/\/www.wedance.io\/de\/funktionen\/eventmanagement\/#breadcrumb","itemListElement":[{"@type":"ListItem","position":1,"name":"Home","item":"https:\/\/www.wedance.io\/de\/"},{"@type":"ListItem","position":2,"name":"Funktionen unserer Tanzschulverwaltung","item":"https:\/\/www.wedance.io\/de\/funktionen\/"},{"@type":"ListItem","position":3,"name":"Event-Management"}]},{"@type":"WebSite","@id":"https:\/\/www.wedance.io\/de\/#website","url":"https:\/\/www.wedance.io\/de\/","name":"weDance","description":"Tanzschuleverwaltung Software","publisher":{"@id":"https:\/\/www.wedance.io\/de\/#organization"},"potentialAction":[{"@type":"SearchAction","target":{"@type":"EntryPoint","urlTemplate":"https:\/\/www.wedance.io\/de\/?s={search_term_string}"},"query-input":{"@type":"PropertyValueSpecification","valueRequired":true,"valueName":"search_term_string"}}],"inLanguage":"de"},{"@type":"Organization","@id":"https:\/\/www.wedance.io\/de\/#organization","name":"weDance","url":"https:\/\/www.wedance.io\/de\/","logo":{"@type":"ImageObject","inLanguage":"de","@id":"https:\/\/www.wedance.io\/de\/#\/schema\/logo\/image\/","url":"https:\/\/www.wedance.io\/de\/wp-content\/uploads\/sites\/2\/2017\/05\/logo.png","contentUrl":"https:\/\/www.wedance.io\/de\/wp-content\/uploads\/sites\/2\/2017\/05\/logo.png","width":300,"height":158,"caption":"weDance"},"image":{"@id":"https:\/\/www.wedance.io\/de\/#\/schema\/logo\/image\/"}}]}},"_links":{"self":[{"href":"https:\/\/www.wedance.io\/de\/wp-json\/wp\/v2\/pages\/219"}],"collection":[{"href":"https:\/\/www.wedance.io\/de\/wp-json\/wp\/v2\/pages"}],"about":[{"href":"https:\/\/www.wedance.io\/de\/wp-json\/wp\/v2\/types\/page"}],"author":[{"embeddable":true,"href":"https:\/\/www.wedance.io\/de\/wp-json\/wp\/v2\/users\/1"}],"replies":[{"embeddable":true,"href":"https:\/\/www.wedance.io\/de\/wp-json\/wp\/v2\/comments?post=219"}],"version-history":[{"count":5,"href":"https:\/\/www.wedance.io\/de\/wp-json\/wp\/v2\/pages\/219\/revisions"}],"predecessor-version":[{"id":504,"href":"https:\/\/www.wedance.io\/de\/wp-json\/wp\/v2\/pages\/219\/revisions\/504"}],"up":[{"embeddable":true,"href":"https:\/\/www.wedance.io\/de\/wp-json\/wp\/v2\/pages\/11"}],"wp:attachment":[{"href":"https:\/\/www.wedance.io\/de\/wp-json\/wp\/v2\/media?parent=219"}],"curies":[{"name":"wp","href":"https:\/\/api.w.org\/{rel}","templated":true}]}}