{"id":2,"date":"2017-05-22T07:42:40","date_gmt":"2017-05-22T07:42:40","guid":{"rendered":"https:\/\/www.wedance.io\/de\/?page_id=2"},"modified":"2019-10-21T08:58:43","modified_gmt":"2019-10-21T08:58:43","slug":"home","status":"publish","type":"page","link":"https:\/\/www.wedance.io\/de\/","title":{"rendered":"Home"},"content":{"rendered":"<div class=\"wpb-content-wrapper\">[vc_row full_width=&#8221;stretch_row&#8221; content_placement=&#8221;middle&#8221; css=&#8221;.vc_custom_1517301016733{padding-top: 20% !important;padding-bottom: 15% !important;background: #3788ee url(https:\/\/www.wedance.io\/de\/wp-content\/uploads\/sites\/2\/2017\/05\/header.jpg?id=28) !important;}&#8221;][vc_column 0=&#8221;&#8221;][vc_single_image image=&#8221;8&#8243; alignment=&#8221;center&#8221;][vc_column_text color=&#8221;#ffffff&#8221;]\n<p style=\"text-align: center;\">Lassen Sie sich nicht auf der Nase rumtanzen<\/p>\n[\/vc_column_text]<style>.vcex-animated-text.vcex_69f9a68cd9df1{text-align:center;color:#ffffff;}<\/style><h1 class=\"vcex-animated-text vcex-module wpex-m-0 wpex-text-xl wpex-text-1 wpex-font-semibold wpex-leading-none vcex-typed-text-wrap wpex-text-center vcex_69f9a68cd9df1\"><span class=\"vcex-typed-text-inner vcex-typed-text-css wpex-inline-block wpex-max-w-100\"><span class=\"screen-reader-text\"><span>Verwaltungssoftware f\u00fcr Ihre Tanzschule<\/span><\/span><span class=\"vcex-animated-text__placeholder vcex-ph wpex-inline-block wpex-invisible\"><\/span><span class=\"vcex-typed-text\" aria-hidden=\"true\" data-settings=\"{&quot;loop&quot;:false,&quot;showCursor&quot;:true,&quot;typeSpeed&quot;:25,&quot;backDelay&quot;:999999999,&quot;backSpeed&quot;:0,&quot;startDelay&quot;:0}\" data-strings=\"[&quot;Verwaltungssoftware f\\u00fcr Ihre Tanzschule&quot;]\"><\/span><\/span><\/h1>[\/vc_column][\/vc_row][vc_row full_width=&#8221;stretch_row&#8221; content_placement=&#8221;middle&#8221; gap=&#8221;20&#8243; equal_height=&#8221;yes&#8221; typography_style=&#8221;white&#8221; css=&#8221;.vc_custom_1517315030907{margin-top: -5% !important;}&#8221;][vc_column width=&#8221;1\/2&#8243; css=&#8221;.vc_custom_1517315022983{padding-top: 10% !important;padding-right: 10% !important;padding-bottom: 10% !important;padding-left: 10% !important;background: #81d742 url(https:\/\/www.wedance.io\/de\/wp-content\/uploads\/sites\/2\/2017\/05\/window-2.jpg?id=37) !important;}&#8221;][vc_column_text 0=&#8221;&#8221;]<strong>weDance \u2013 Tanzschulverwaltung mit Leichtigkeit<\/strong><\/p>\n<p>Verwalten Sie mit Leichtigkeit all Ihre Tanzkurse und Mitglieder. Online Kurs-, Mitglieder-\u00a0Eventverwaltung und mehr. Alles unter einem Dach, kinderleicht zu bedienen\u00a0und \u00fcberall verf\u00fcgbar.[\/vc_column_text][\/vc_column][vc_column width=&#8221;1\/2&#8243; css=&#8221;.vc_custom_1517315011926{padding-top: 20px !important;padding-right: 20px !important;padding-bottom: 20px !important;padding-left: 20px !important;background: #dd3333 url(https:\/\/www.wedance.io\/de\/wp-content\/uploads\/sites\/2\/2017\/05\/window-1.jpg?id=38) !important;}&#8221;]<div class=\"vcex-module vcex-testimonials-fullslider dark-skin has-controlnav\"><div class=\"wpex-slider slider-pro\" data-fade-arrows=\"false\" data-arrows=\"true\" data-buttons=\"true\" data-auto-play=\"false\" data-fade=\"true\" data-auto-play-delay=\"5000\" data-animation-speed=\"600\" data-height-animation-duration=\"400\" data-touch-swipe-desktop=\"false\"><div class=\"wpex-slider-slides sp-slides\"><div class=\"wpex-slider-slide sp-slide post-101 entry type-testimonials cat-3\"><div class=\"vcex-testimonials-fullslider-inner wpex-text-center\"><div class=\"entry wpex-clr\"><p>Am Anfang skeptisch, jetzt begeistert! Ich kann von \u00fcberall meine Tanzkurse und Mitglieder bearbeiten.<\/p>\n<\/div><div class=\"vcex-testimonials-fullslider-author clr\"><a href=\"http:\/\/www.tanzschule-lingen.de\" class=\"vcex-testimonials-fullslider-company display-block\" title=\"Tanzschule Exler\" target=\"_blank\" rel=\"noopener noreferrer\">Tanzschule Exler<\/a><\/div><\/div><\/div><\/div><\/div><\/div>[\/vc_column][\/vc_row][vc_row css=&#8221;.vc_custom_1495457587230{padding-top: 10% !important;padding-bottom: 5% !important;}&#8221;][vc_column 0=&#8221;&#8221;][vc_column_text 0=&#8221;&#8221;]\n<h2 style=\"text-align: center;\">Einfache Verwaltung Ihrer<br \/>\nTanzkurse Und Mitglieder<\/h2>\n<p style=\"text-align: center;\">Mit unserer Software behalten Sie den \u00dcberblick Ihrer Tanzschule.<\/p>\n[\/vc_column_text][\/vc_column][\/vc_row][vc_row gap=&#8221;20&#8243; equal_height=&#8221;yes&#8221; css=&#8221;.vc_custom_1496046081856{padding-bottom: 5% !important;}&#8221;][vc_column width=&#8221;1\/3&#8243; css=&#8221;.vc_custom_1495458065346{border-top-width: 1px !important;border-right-width: 1px !important;border-bottom-width: 1px !important;border-left-width: 1px !important;padding-top: 15% !important;padding-right: 15% !important;padding-bottom: 15% !important;padding-left: 15% !important;border-left-color: #eaeaea !important;border-right-color: #eaeaea !important;border-top-color: #eaeaea !important;border-bottom-color: #eaeaea !important;}&#8221;]<div class=\"vcex-module vcex-icon-box vcex-icon-box-two wpex-block wpex-text-center hvr hvr-grow\"><div class=\"vcex-icon-box-symbol wpex-mb-20\"><div class=\"vcex-icon-box-icon wpex-inline-flex wpex-items-center wpex-justify-center wpex-child-inherit-color wpex-text-center wpex-leading-none wpex-text-1\" style=\"color:#00a8ff;font-size:60px;\"><span class=\"ticon ticon-desktop\" aria-hidden=\"true\"><\/span><\/div><\/div><div class=\"vcex-icon-box-text\"><h2 class=\"vcex-icon-box-heading wpex-heading wpex-mb-10\" style=\"font-weight:400;color:#333333;--wpex-hover-heading-link-color:#333333;font-size:24px;\">Ger\u00e4teunabh\u00e4ngig<\/h2><div class=\"vcex-icon-box-content wpex-last-mb-0 wpex-clr\"><p>Es spielt keine Rolle womit Sie arbeiten. Desktop-PC, Tablet oder Smartphone -Unser Programm\u00a0passt sich\u00a0an.<\/p>\n<\/div><\/div><\/div>[\/vc_column][vc_column width=&#8221;1\/3&#8243; css=&#8221;.vc_custom_1495458062455{border-top-width: 1px !important;border-right-width: 1px !important;border-bottom-width: 1px !important;border-left-width: 1px !important;padding-top: 15% !important;padding-right: 15% !important;padding-bottom: 15% !important;padding-left: 15% !important;border-left-color: #eaeaea !important;border-right-color: #eaeaea !important;border-top-color: #eaeaea !important;border-bottom-color: #eaeaea !important;}&#8221;]<div class=\"vcex-module vcex-icon-box vcex-icon-box-two wpex-block wpex-text-center hvr hvr-grow\"><div class=\"vcex-icon-box-symbol wpex-mb-20\"><div class=\"vcex-icon-box-icon wpex-inline-flex wpex-items-center wpex-justify-center wpex-child-inherit-color wpex-text-center wpex-leading-none wpex-text-1\" style=\"color:#00a8ff;font-size:60px;\"><span class=\"ticon ticon-hand-paper-o\" aria-hidden=\"true\"><\/span><\/div><\/div><div class=\"vcex-icon-box-text\"><h2 class=\"vcex-icon-box-heading wpex-heading wpex-mb-10\" style=\"font-weight:400;color:#333333;--wpex-hover-heading-link-color:#333333;font-size:24px;\">Kinderleichte Bedienung<\/h2><div class=\"vcex-icon-box-content wpex-last-mb-0 wpex-clr\"><div class=\"col-md-4\">\n<div class=\"service\">\n<p class=\"description\">Ein modernes User Interface optimiert auf schnelle, effektive Arbeit. Ihre Zeit ist uns kostbar!<\/p>\n<\/div>\n<\/div>\n<\/div><\/div><\/div>[\/vc_column][vc_column width=&#8221;1\/3&#8243; css=&#8221;.vc_custom_1495458190251{border-top-width: 1px !important;border-right-width: 1px !important;border-bottom-width: 1px !important;border-left-width: 1px !important;padding-top: 15% !important;padding-right: 15% !important;padding-bottom: 15% !important;padding-left: 15% !important;border-left-color: #eaeaea !important;border-right-color: #eaeaea !important;border-top-color: #eaeaea !important;border-bottom-color: #eaeaea !important;}&#8221;]<div class=\"vcex-module vcex-icon-box vcex-icon-box-two wpex-block wpex-text-center hvr hvr-grow\"><div class=\"vcex-icon-box-symbol wpex-mb-20\"><a href=\"https:\/\/www.wedance.io\/de\/support\/\" class=\"wpex-no-underline\"><div class=\"vcex-icon-box-icon wpex-inline-flex wpex-items-center wpex-justify-center wpex-child-inherit-color wpex-text-center wpex-leading-none wpex-text-1\" style=\"color:#00a8ff;font-size:60px;\"><span class=\"ticon ticon-users\" aria-hidden=\"true\"><\/span><\/div><\/a><\/div><div class=\"vcex-icon-box-text\"><h2 class=\"vcex-icon-box-heading wpex-heading wpex-mb-10\" style=\"font-weight:400;color:#333333;--wpex-hover-heading-link-color:#333333;font-size:24px;\"><a href=\"https:\/\/www.wedance.io\/de\/support\/\" class=\"vcex-icon-box-link wpex-no-underline\">Schneller Support<\/a><\/h2><div class=\"vcex-icon-box-content wpex-last-mb-0 wpex-clr\"><div class=\"row services\">\n<div class=\"col-md-4\">\n<div class=\"service\">\n<p class=\"description\">Egal was, wir helfen weiter. Unser Support steht Ihnen<br \/>\nrund um die Uhr zur Verf\u00fcgung.<\/p>\n<\/div>\n<\/div>\n<\/div>\n<\/div><\/div><\/div>[\/vc_column][\/vc_row][vc_row full_width=&#8221;stretch_row&#8221; css=&#8221;.vc_custom_1496046073286{padding-top: 5% !important;padding-bottom: 0px !important;background-color: #f7f7f7 !important;}&#8221;][vc_column width=&#8221;1\/2&#8243;][vc_single_image image=&#8221;91&#8243; onclick=&#8221;link_image&#8221;][\/vc_column][vc_column width=&#8221;1\/2&#8243;][vc_column_text 0=&#8221;&#8221;]\n<h2>All-In-One Tanzschulverwaltung<\/h2>\n<p>weDance ist Ihre Tanzschulverwaltungssoftware. Entwickelt mit und f\u00fcr Tanzschulen um Ihr Leben zu vereinfachen. Verwalten Sie Ihre Tanzkurse, Kunden, Veranstaltungen, Theke und vieles mehr. Alles was Sie brauchen um Ihre Tanzschule erfolgreich zu verwalten \u2013\u00a0egal wo Sie sind. Cloud basierend und ger\u00e4teunabh\u00e4ngig f\u00fcr maximale Komfortabilit\u00e4t.<\/p>\n<ul>\n<li>Tanzkursverwaltung<\/li>\n<li>Kundenverwaltung<\/li>\n<li>Eventverwaltung<\/li>\n<li>Rechnungen erstellen<\/li>\n<li>Newsletter<\/li>\n<li>\u2026 und mehr<\/li>\n<\/ul>\n[\/vc_column_text][\/vc_column][\/vc_row][vc_row full_width=&#8221;stretch_row&#8221; css=&#8221;.vc_custom_1496046047414{background-color: #f7f7f7 !important;}&#8221;][vc_column 0=&#8221;&#8221;]<div class=\"theme-button-wrap textcenter wpex-clr\"><a href=\"https:\/\/www.wedance.io\/de\/funktionen\/\" class=\"vcex-button theme-button align-center inline\"><span class=\"vcex-button-inner theme-button-inner\">Alle Funktionen<\/span><\/a><\/div> [\/vc_column][\/vc_row][vc_row full_width=&#8221;stretch_row&#8221; typography_style=&#8221;white&#8221; css=&#8221;.vc_custom_1495463720766{padding-top: 5% !important;padding-bottom: 5% !important;background-image: url(https:\/\/www.wedance.io\/de\/wp-content\/uploads\/sites\/2\/2017\/05\/pricing.jpg?id=70) !important;}&#8221;][vc_column 0=&#8221;&#8221;][vc_column_text css=&#8221;.vc_custom_1495463832140{padding-bottom: 3% !important;}&#8221;]\n<h2 style=\"text-align: center;\"><span style=\"color: #ffffff;\">Kostenlos testen<\/span><\/h2>\n[\/vc_column_text][vc_row_inner css=&#8221;.vc_custom_1495463669831{padding-top: 5% !important;padding-right: 10% !important;padding-bottom: 5% !important;padding-left: 10% !important;background-color: #00a8ff !important;}&#8221;][vc_column_inner width=&#8221;2\/4&#8243;][vc_column_text 0=&#8221;&#8221;]Wir m\u00f6chten jeder Tanzschule einen freien Einblick in unsere System geben.<\/p>\n<p>Testen Sie deswegen unseren Service kostenlos f\u00fcr einen Monat und kontaktieren\u00a0Sie uns\u00a0noch heute![\/vc_column_text][\/vc_column_inner][vc_column_inner width=&#8221;1\/4&#8243;][vc_column_text css=&#8221;.vc_custom_1496039535855{margin-bottom: 10px !important;}&#8221;]\n<p style=\"text-align: center;\"><strong>1 Monat kostenlos<\/strong><\/p>\n[\/vc_column_text]<div class=\"theme-button-wrap textcenter wpex-clr\"><a href=\"https:\/\/www.wedance.io\/de\/preise\/\" class=\"vcex-button theme-button minimal-border white medium align-center inline\"><span class=\"vcex-button-inner theme-button-inner\">Jetzt testen<\/span><\/a><\/div> [vc_column_text css=&#8221;.vc_custom_1517297830655{margin-bottom: 10px !important;}&#8221;]\n<p style=\"text-align: center;\"><span class=\"thin-font\" style=\"font-size: 14px;\">danach ab 9,90 \u20ac \/ Monat<\/span><\/p>\n[\/vc_column_text][\/vc_column_inner][vc_column_inner width=&#8221;1\/4&#8243;][vc_column_text 0=&#8221;&#8221;]\n<ul>\n<li>Kursverwaltung<\/li>\n<li>Mitgliederverwaltung<\/li>\n<li>Event Management<\/li>\n<li>Thekenplanung<\/li>\n<li>\u2026 und mehr<\/li>\n<\/ul>\n[\/vc_column_text][\/vc_column_inner][\/vc_row_inner][\/vc_column][\/vc_row][vc_row full_width=&#8221;stretch_row&#8221; css=&#8221;.vc_custom_1495520590469{padding-top: 5% !important;padding-bottom: 3% !important;background-color: #00a8ff !important;}&#8221;][vc_column 0=&#8221;&#8221;][vc_tta_pageable 0=&#8221;&#8221;][vc_tta_section title=&#8221;Inhaltsbereich 1&#8243; tab_id=&#8221;1495520264575-6a5058e1-850a&#8221;]<div class=\"vcex-module vcex-icon-box vcex-icon-box-two wpex-block wpex-text-center hvr hvr-grow\"><div class=\"vcex-icon-box-symbol wpex-mb-20\"><div class=\"vcex-icon-box-icon wpex-inline-flex wpex-items-center wpex-justify-center wpex-child-inherit-color wpex-text-center wpex-leading-none wpex-text-1\" style=\"color:#ffffff;font-size:60px;\"><span class=\"ticon ticon-star-o\" aria-hidden=\"true\"><\/span><\/div><\/div><div class=\"vcex-icon-box-text\"><h2 class=\"vcex-icon-box-heading wpex-heading wpex-mb-10\" style=\"font-weight:400;color:#ffffff;--wpex-hover-heading-link-color:#ffffff;font-size:24px;\">Monatlich K\u00fcndbar<\/h2><div class=\"vcex-icon-box-content wpex-last-mb-0 wpex-clr\" style=\"color:#eaeaea;font-size:24px;\"><p>Sie k\u00f6nnen\u00a0Ihren Vertrag\u00a0jederzeit k\u00fcndigen.<br \/>\nWir sind Ihnen\u00a0deswegen nicht b\u00f6se\u00a0\ud83d\ude42<\/p>\n<\/div><\/div><\/div>[\/vc_tta_section][vc_tta_section title=&#8221;Inhaltsbereich 2&#8243; tab_id=&#8221;1495520264612-7c6ad66e-718b&#8221;]<div class=\"vcex-module vcex-icon-box vcex-icon-box-two wpex-block wpex-text-center hvr hvr-grow\"><div class=\"vcex-icon-box-symbol wpex-mb-20\"><div class=\"vcex-icon-box-icon wpex-inline-flex wpex-items-center wpex-justify-center wpex-child-inherit-color wpex-text-center wpex-leading-none wpex-text-1\" style=\"color:#ffffff;font-size:60px;\"><span class=\"ticon ticon-globe\" aria-hidden=\"true\"><\/span><\/div><\/div><div class=\"vcex-icon-box-text\"><h2 class=\"vcex-icon-box-heading wpex-heading wpex-mb-10\" style=\"font-weight:400;color:#ffffff;--wpex-hover-heading-link-color:#ffffff;font-size:24px;\">Kein Programm ben\u00f6tigt<\/h2><div class=\"vcex-icon-box-content wpex-last-mb-0 wpex-clr\" style=\"color:#eaeaea;font-size:24px;\"><p>Das einzige was Sie brauchen ist ein Browser!<\/p>\n<\/div><\/div><\/div>[\/vc_tta_section][vc_tta_section title=&#8221;Inhaltsbereich&#8221; tab_id=&#8221;1495520755701-1bfed711-712c&#8221;]<div class=\"vcex-module vcex-icon-box vcex-icon-box-two wpex-block wpex-text-center hvr hvr-grow\"><div class=\"vcex-icon-box-symbol wpex-mb-20\"><div class=\"vcex-icon-box-icon wpex-inline-flex wpex-items-center wpex-justify-center wpex-child-inherit-color wpex-text-center wpex-leading-none wpex-text-1\" style=\"color:#ffffff;font-size:60px;\"><span class=\"ticon ticon-globe\" aria-hidden=\"true\"><\/span><\/div><\/div><div class=\"vcex-icon-box-text\"><h2 class=\"vcex-icon-box-heading wpex-heading wpex-mb-10\" style=\"font-weight:400;color:#ffffff;--wpex-hover-heading-link-color:#ffffff;font-size:24px;\">\u00dcberall benutzen<\/h2><div class=\"vcex-icon-box-content wpex-last-mb-0 wpex-clr\" style=\"color:#eaeaea;font-size:24px;\"><p>Tablet, Smartphone oder PC.<br \/>\nEs ist egal womit Sie arbeiten.<\/p>\n<\/div><\/div><\/div>[\/vc_tta_section][\/vc_tta_pageable][\/vc_column][\/vc_row]\n<\/div>","protected":false},"excerpt":{"rendered":"<p>[vc_row full_width=&#8221;stretch_row&#8221; content_placement=&#8221;middle&#8221; css=&#8221;.vc_custom_1517301016733{padding-top: 20% !important;padding-bottom: 15% !important;background: #3788ee url(https:\/\/www.wedance.io\/de\/wp-content\/uploads\/sites\/2\/2017\/05\/header.jpg?id=28) !important;}&#8221;][vc_column 0=&#8221;&#8221;][vc_single_image image=&#8221;8&#8243; alignment=&#8221;center&#8221;][vc_column_text color=&#8221;#ffffff&#8221;] Lassen Sie sich nicht auf der Nase rumtanzen [\/vc_column_text][\/vc_column][\/vc_row][vc_row full_width=&#8221;stretch_row&#8221; content_placement=&#8221;middle&#8221; gap=&#8221;20&#8243; equal_height=&#8221;yes&#8221; typography_style=&#8221;white&#8221; css=&#8221;.vc_custom_1517315030907{margin-top: -5% !important;}&#8221;][vc_column width=&#8221;1\/2&#8243; css=&#8221;.vc_custom_1517315022983{padding-top: 10% !important;padding-right: 10% !important;padding-bottom: 10% !important;padding-left: 10% !important;background: #81d742 url(https:\/\/www.wedance.io\/de\/wp-content\/uploads\/sites\/2\/2017\/05\/window-2.jpg?id=37) !important;}&#8221;][vc_column_text 0=&#8221;&#8221;]weDance \u2013 Tanzschulverwaltung mit Leichtigkeit Verwalten Sie mit Leichtigkeit all&hellip;<\/p>\n","protected":false},"author":1,"featured_media":0,"parent":0,"menu_order":0,"comment_status":"closed","ping_status":"closed","template":"","meta":{"footnotes":""},"yoast_head":"<!-- This site is optimized with the Yoast SEO plugin v24.3 - https:\/\/yoast.com\/wordpress\/plugins\/seo\/ -->\n<title>Verwaltungssoftware f\u00fcr Ihre Tanzschule | weDance<\/title>\n<meta name=\"robots\" content=\"index, follow, max-snippet:-1, max-image-preview:large, max-video-preview:-1\" \/>\n<link rel=\"canonical\" href=\"https:\/\/www.wedance.io\/de\/\" \/>\n<meta property=\"og:locale\" content=\"de_DE\" \/>\n<meta property=\"og:type\" content=\"article\" \/>\n<meta property=\"og:title\" content=\"Verwaltungssoftware f\u00fcr Ihre Tanzschule | weDance\" \/>\n<meta property=\"og:description\" content=\"[vc_row full_width=&#8221;stretch_row&#8221; content_placement=&#8221;middle&#8221; css=&#8221;.vc_custom_1517301016733{padding-top: 20% !important;padding-bottom: 15% !important;background: #3788ee url(https:\/\/www.wedance.io\/de\/wp-content\/uploads\/sites\/2\/2017\/05\/header.jpg?id=28) !important;}&#8221;][vc_column 0=&#8221;&#8221;][vc_single_image image=&#8221;8&#8243; alignment=&#8221;center&#8221;][vc_column_text color=&#8221;#ffffff&#8221;] Lassen Sie sich nicht auf der Nase rumtanzen [\/vc_column_text][\/vc_column][\/vc_row][vc_row full_width=&#8221;stretch_row&#8221; content_placement=&#8221;middle&#8221; gap=&#8221;20&#8243; equal_height=&#8221;yes&#8221; typography_style=&#8221;white&#8221; css=&#8221;.vc_custom_1517315030907{margin-top: -5% !important;}&#8221;][vc_column width=&#8221;1\/2&#8243; css=&#8221;.vc_custom_1517315022983{padding-top: 10% !important;padding-right: 10% !important;padding-bottom: 10% !important;padding-left: 10% !important;background: #81d742 url(https:\/\/www.wedance.io\/de\/wp-content\/uploads\/sites\/2\/2017\/05\/window-2.jpg?id=37) !important;}&#8221;][vc_column_text 0=&#8221;&#8221;]weDance \u2013 Tanzschulverwaltung mit Leichtigkeit Verwalten Sie mit Leichtigkeit all&hellip;\" \/>\n<meta property=\"og:url\" content=\"https:\/\/www.wedance.io\/de\/\" \/>\n<meta property=\"og:site_name\" content=\"weDance\" \/>\n<meta property=\"article:modified_time\" content=\"2019-10-21T08:58:43+00:00\" \/>\n<meta name=\"twitter:card\" content=\"summary_large_image\" \/>\n<meta name=\"twitter:label1\" content=\"Gesch\u00e4tzte Lesezeit\" \/>\n\t<meta name=\"twitter:data1\" content=\"5\u00a0Minuten\" \/>\n<script type=\"application\/ld+json\" class=\"yoast-schema-graph\">{\"@context\":\"https:\/\/schema.org\",\"@graph\":[{\"@type\":\"WebPage\",\"@id\":\"https:\/\/www.wedance.io\/de\/\",\"url\":\"https:\/\/www.wedance.io\/de\/\",\"name\":\"Verwaltungssoftware f\u00fcr Ihre Tanzschule | weDance\",\"isPartOf\":{\"@id\":\"https:\/\/www.wedance.io\/de\/#website\"},\"datePublished\":\"2017-05-22T07:42:40+00:00\",\"dateModified\":\"2019-10-21T08:58:43+00:00\",\"breadcrumb\":{\"@id\":\"https:\/\/www.wedance.io\/de\/#breadcrumb\"},\"inLanguage\":\"de\",\"potentialAction\":[{\"@type\":\"ReadAction\",\"target\":[\"https:\/\/www.wedance.io\/de\/\"]}]},{\"@type\":\"BreadcrumbList\",\"@id\":\"https:\/\/www.wedance.io\/de\/#breadcrumb\",\"itemListElement\":[{\"@type\":\"ListItem\",\"position\":1,\"name\":\"Home\",\"item\":\"https:\/\/www.wedance.io\/de\/\"},{\"@type\":\"ListItem\",\"position\":2,\"name\":\"Home\"}]},{\"@type\":\"WebSite\",\"@id\":\"https:\/\/www.wedance.io\/de\/#website\",\"url\":\"https:\/\/www.wedance.io\/de\/\",\"name\":\"weDance\",\"description\":\"Tanzschuleverwaltung Software\",\"publisher\":{\"@id\":\"https:\/\/www.wedance.io\/de\/#organization\"},\"potentialAction\":[{\"@type\":\"SearchAction\",\"target\":{\"@type\":\"EntryPoint\",\"urlTemplate\":\"https:\/\/www.wedance.io\/de\/?s={search_term_string}\"},\"query-input\":{\"@type\":\"PropertyValueSpecification\",\"valueRequired\":true,\"valueName\":\"search_term_string\"}}],\"inLanguage\":\"de\"},{\"@type\":\"Organization\",\"@id\":\"https:\/\/www.wedance.io\/de\/#organization\",\"name\":\"weDance\",\"url\":\"https:\/\/www.wedance.io\/de\/\",\"logo\":{\"@type\":\"ImageObject\",\"inLanguage\":\"de\",\"@id\":\"https:\/\/www.wedance.io\/de\/#\/schema\/logo\/image\/\",\"url\":\"https:\/\/www.wedance.io\/de\/wp-content\/uploads\/sites\/2\/2017\/05\/logo.png\",\"contentUrl\":\"https:\/\/www.wedance.io\/de\/wp-content\/uploads\/sites\/2\/2017\/05\/logo.png\",\"width\":300,\"height\":158,\"caption\":\"weDance\"},\"image\":{\"@id\":\"https:\/\/www.wedance.io\/de\/#\/schema\/logo\/image\/\"}}]}<\/script>\n<!-- \/ Yoast SEO plugin. -->","yoast_head_json":{"title":"Verwaltungssoftware f\u00fcr Ihre Tanzschule | weDance","robots":{"index":"index","follow":"follow","max-snippet":"max-snippet:-1","max-image-preview":"max-image-preview:large","max-video-preview":"max-video-preview:-1"},"canonical":"https:\/\/www.wedance.io\/de\/","og_locale":"de_DE","og_type":"article","og_title":"Verwaltungssoftware f\u00fcr Ihre Tanzschule | weDance","og_description":"[vc_row full_width=&#8221;stretch_row&#8221; content_placement=&#8221;middle&#8221; css=&#8221;.vc_custom_1517301016733{padding-top: 20% !important;padding-bottom: 15% !important;background: #3788ee url(https:\/\/www.wedance.io\/de\/wp-content\/uploads\/sites\/2\/2017\/05\/header.jpg?id=28) !important;}&#8221;][vc_column 0=&#8221;&#8221;][vc_single_image image=&#8221;8&#8243; alignment=&#8221;center&#8221;][vc_column_text color=&#8221;#ffffff&#8221;] Lassen Sie sich nicht auf der Nase rumtanzen [\/vc_column_text][\/vc_column][\/vc_row][vc_row full_width=&#8221;stretch_row&#8221; content_placement=&#8221;middle&#8221; gap=&#8221;20&#8243; equal_height=&#8221;yes&#8221; typography_style=&#8221;white&#8221; css=&#8221;.vc_custom_1517315030907{margin-top: -5% !important;}&#8221;][vc_column width=&#8221;1\/2&#8243; css=&#8221;.vc_custom_1517315022983{padding-top: 10% !important;padding-right: 10% !important;padding-bottom: 10% !important;padding-left: 10% !important;background: #81d742 url(https:\/\/www.wedance.io\/de\/wp-content\/uploads\/sites\/2\/2017\/05\/window-2.jpg?id=37) !important;}&#8221;][vc_column_text 0=&#8221;&#8221;]weDance \u2013 Tanzschulverwaltung mit Leichtigkeit Verwalten Sie mit Leichtigkeit all&hellip;","og_url":"https:\/\/www.wedance.io\/de\/","og_site_name":"weDance","article_modified_time":"2019-10-21T08:58:43+00:00","twitter_card":"summary_large_image","twitter_misc":{"Gesch\u00e4tzte Lesezeit":"5\u00a0Minuten"},"schema":{"@context":"https:\/\/schema.org","@graph":[{"@type":"WebPage","@id":"https:\/\/www.wedance.io\/de\/","url":"https:\/\/www.wedance.io\/de\/","name":"Verwaltungssoftware f\u00fcr Ihre Tanzschule | weDance","isPartOf":{"@id":"https:\/\/www.wedance.io\/de\/#website"},"datePublished":"2017-05-22T07:42:40+00:00","dateModified":"2019-10-21T08:58:43+00:00","breadcrumb":{"@id":"https:\/\/www.wedance.io\/de\/#breadcrumb"},"inLanguage":"de","potentialAction":[{"@type":"ReadAction","target":["https:\/\/www.wedance.io\/de\/"]}]},{"@type":"BreadcrumbList","@id":"https:\/\/www.wedance.io\/de\/#breadcrumb","itemListElement":[{"@type":"ListItem","position":1,"name":"Home","item":"https:\/\/www.wedance.io\/de\/"},{"@type":"ListItem","position":2,"name":"Home"}]},{"@type":"WebSite","@id":"https:\/\/www.wedance.io\/de\/#website","url":"https:\/\/www.wedance.io\/de\/","name":"weDance","description":"Tanzschuleverwaltung Software","publisher":{"@id":"https:\/\/www.wedance.io\/de\/#organization"},"potentialAction":[{"@type":"SearchAction","target":{"@type":"EntryPoint","urlTemplate":"https:\/\/www.wedance.io\/de\/?s={search_term_string}"},"query-input":{"@type":"PropertyValueSpecification","valueRequired":true,"valueName":"search_term_string"}}],"inLanguage":"de"},{"@type":"Organization","@id":"https:\/\/www.wedance.io\/de\/#organization","name":"weDance","url":"https:\/\/www.wedance.io\/de\/","logo":{"@type":"ImageObject","inLanguage":"de","@id":"https:\/\/www.wedance.io\/de\/#\/schema\/logo\/image\/","url":"https:\/\/www.wedance.io\/de\/wp-content\/uploads\/sites\/2\/2017\/05\/logo.png","contentUrl":"https:\/\/www.wedance.io\/de\/wp-content\/uploads\/sites\/2\/2017\/05\/logo.png","width":300,"height":158,"caption":"weDance"},"image":{"@id":"https:\/\/www.wedance.io\/de\/#\/schema\/logo\/image\/"}}]}},"_links":{"self":[{"href":"https:\/\/www.wedance.io\/de\/wp-json\/wp\/v2\/pages\/2"}],"collection":[{"href":"https:\/\/www.wedance.io\/de\/wp-json\/wp\/v2\/pages"}],"about":[{"href":"https:\/\/www.wedance.io\/de\/wp-json\/wp\/v2\/types\/page"}],"author":[{"embeddable":true,"href":"https:\/\/www.wedance.io\/de\/wp-json\/wp\/v2\/users\/1"}],"replies":[{"embeddable":true,"href":"https:\/\/www.wedance.io\/de\/wp-json\/wp\/v2\/comments?post=2"}],"version-history":[{"count":10,"href":"https:\/\/www.wedance.io\/de\/wp-json\/wp\/v2\/pages\/2\/revisions"}],"predecessor-version":[{"id":617,"href":"https:\/\/www.wedance.io\/de\/wp-json\/wp\/v2\/pages\/2\/revisions\/617"}],"wp:attachment":[{"href":"https:\/\/www.wedance.io\/de\/wp-json\/wp\/v2\/media?parent=2"}],"curies":[{"name":"wp","href":"https:\/\/api.w.org\/{rel}","templated":true}]}}