{"id":169,"date":"2017-05-22T10:33:37","date_gmt":"2017-05-22T10:33:37","guid":{"rendered":"https:\/\/www.wedance.io\/de\/?page_id=169"},"modified":"2017-05-29T08:11:44","modified_gmt":"2017-05-29T08:11:44","slug":"mitgliederverwaltung","status":"publish","type":"page","link":"https:\/\/www.wedance.io\/de\/funktionen\/mitgliederverwaltung\/","title":{"rendered":"Mitgliederverwaltung"},"content":{"rendered":"<div class=\"wpb-content-wrapper\">[vc_row][vc_column][vc_column_text]\n<p style=\"text-align: center;\">Verlieren Sie nicht die \u00dcbersicht!<\/p>\n<p style=\"text-align: center;\"><strong>Mit Hilfe unserer intuitiven Mitgliederverwaltung<br \/>\nbehalten Sie den \u00dcberblick \u00fcber Ihre\u00a0Kunden.<\/strong><\/p>\n[\/vc_column_text][\/vc_column][\/vc_row][vc_row full_width=&#8221;stretch_row&#8221; css=&#8221;.vc_custom_1495608273865{padding-top: 5% !important;}&#8221;][vc_column width=&#8221;1\/2&#8243;][vc_single_image image=&#8221;182&#8243; img_size=&#8221;medium&#8221; style=&#8221;vc_box_outline&#8221; onclick=&#8221;link_image&#8221;][\/vc_column][vc_column width=&#8221;1\/2&#8243;][vc_column_text]\n<h2>Mitglieder-\u00dcbersicht<\/h2>\n<p>In der \u00dcbersicht finden Sie alle Mitglieder, die Sie angelegt\u00a0haben.\u00a0Diese werden tabellenartig mit Vor- \/ Nachnamen, Stadt, Kontaktdaten und den Kurse, die sie belegt haben, dargestellt.<\/p>\n<ul>\n<li>Schnelle Ansicht aller wichtigen Kundendaten<\/li>\n<li>Kurse des Kunde\u00a0einsehen<\/li>\n<li>Rechnungen erstellen<\/li>\n<li>Email-Best\u00e4tigungen erstellen<\/li>\n<li>Mitglied aus dem Kurs l\u00f6schen<\/li>\n<\/ul>\n[\/vc_column_text][\/vc_column][\/vc_row][vc_row full_width=&#8221;stretch_row&#8221; css=&#8221;.vc_custom_1495547204894{padding-top: 5% !important;padding-bottom: 5% !important;}&#8221;][vc_column width=&#8221;1\/3&#8243;][vc_single_image image=&#8221;187&#8243; img_size=&#8221;medium&#8221; style=&#8221;vc_box_outline&#8221; onclick=&#8221;link_image&#8221;][vc_column_text]\n<h3>Live-Suche &amp; Export<\/h3>\n<p>Durchsuchen Sie in Echtzeit all Ihre Kunden mit unserer Live-Suche. Zudem k\u00f6nnen Sie alle Mitglieder einfach als PDF, CSV, Print oder Excel exportieren.[\/vc_column_text][\/vc_column][vc_column width=&#8221;1\/3&#8243;][vc_single_image image=&#8221;188&#8243; img_size=&#8221;medium&#8221; style=&#8221;vc_box_outline&#8221; onclick=&#8221;link_image&#8221;][vc_column_text]\n<h3>Filter<\/h3>\n<p>Filtern Sie Ihre Kundenliste\u00a0nach Kriterien wie dem Namen oder der Stadt. So k\u00f6nnen Sie zum Beispiel sehen wieviele Kunden aus einer bestimmten Stadt kommen.[\/vc_column_text][\/vc_column][vc_column width=&#8221;1\/3&#8243;][vc_single_image image=&#8221;189&#8243; img_size=&#8221;medium&#8221; style=&#8221;vc_box_outline&#8221; onclick=&#8221;link_image&#8221;][vc_column_text]\n<h3>Rechnungen \/ Best\u00e4tigungsmail erstellen<\/h3>\n<p>Erstellen Sie f\u00fcr\u00a0Ihre\u00a0Kunden eine Rechnung, eine Email Best\u00e4tigung, ver\u00e4ndern Sie den Bezahlt-Status oder l\u00f6schen Sie einen Kunden direkt aus einem Kurs.<\/p>\n<p>Zudem k\u00f6nnen Sie mehrere Kunden von einem zum anderen Kurs kopieren.[\/vc_column_text][\/vc_column][\/vc_row][vc_row full_width=&#8221;stretch_row&#8221; css=&#8221;.vc_custom_1495606965266{padding-top: 5% !important;padding-bottom: 5% !important;}&#8221;][vc_column width=&#8221;1\/2&#8243;][vc_column_text]\n<h2>Kunden anlegen \/ bearbeiten<\/h2>\n<p>Beim Bearbeiten \/ Anlegen von neuen Kunden m\u00fcssen\u00a0nat\u00fcrlich die wichtigsten Informationen wie Name, Adresse, Kontaktdaten hinterlegt werden. Da gerade das\u00a0Anlegen von neuen Kunden\u00a0teilweise sehr lange Dauern kann, haben wir eine Kopier-Funktion eingebaut, die die Daten von dem Einen zum Anderen Mitglied \u00fcbernimmt.<\/p>\n<p>Nicht nur \u00fcber die <a href=\"https:\/\/www.wedance.io\/de\/funktionen\/tanzkursverwaltung\/\">Tanzkurs-Verwaltung<\/a>\u00a0k\u00f6nnen Sie einem Kurs Kunden zuordnen. Sie k\u00f6nnen es auch einfach direkt bei Anlegen \/ Bearbeiten Ihrer Mitglieder machen.[\/vc_column_text][\/vc_column][vc_column width=&#8221;1\/2&#8243;][vc_single_image image=&#8221;193&#8243; img_size=&#8221;medium&#8221; style=&#8221;vc_box_outline&#8221; onclick=&#8221;link_image&#8221;][\/vc_column][\/vc_row][vc_row full_width=&#8221;stretch_row&#8221; css=&#8221;.vc_custom_1495547204894{padding-top: 5% !important;padding-bottom: 5% !important;}&#8221;][vc_column width=&#8221;1\/3&#8243;][vc_single_image image=&#8221;197&#8243; img_size=&#8221;medium&#8221; style=&#8221;vc_box_outline&#8221; onclick=&#8221;link_image&#8221;][vc_column_text]\n<h3>Kundendaten Kopieren<\/h3>\n<p>Mitglied und Partner haben h\u00e4ufig dieselbe Adresse. Deswegen k\u00f6nnen Sie beim Anlegen eines Kunden mit Hilfe der Kopierfunktion ganz einfach die Adressdaten von anderen Kunden kopieren.[\/vc_column_text][\/vc_column][vc_column width=&#8221;1\/3&#8243;][vc_single_image image=&#8221;196&#8243; img_size=&#8221;medium&#8221; style=&#8221;vc_box_outline&#8221; onclick=&#8221;link_image&#8221;][vc_column_text]\n<h3>Duplikate Check<\/h3>\n<p>Nichts ist schlimmer als doppelte Kundendaten. Deswegen \u00fcberpr\u00fcfen wir schon direkt bei der Eingabe, ob die Email Adresse schon im System vorhanden ist. Falls ein Duplikat gefunden wurde, wird direkt das gefundene Mitglied angezeigt.[\/vc_column_text][\/vc_column][vc_column width=&#8221;1\/3&#8243;][vc_single_image image=&#8221;195&#8243; img_size=&#8221;medium&#8221; style=&#8221;vc_box_outline&#8221; onclick=&#8221;link_image&#8221;][vc_column_text]\n<h3>Bankdaten \u00dcberpr\u00fcfung<\/h3>\n<p>Damit keine Eingabefehler bei den Bankdaten passieren k\u00f6nnen, haben wir eine live IBAN \/ BIC Validierung eingebaut, die pr\u00fcft ob eine IBAN die richtige L\u00e4nge hat und auch wirklich existiert.[\/vc_column_text][\/vc_column][\/vc_row]\n<\/div>","protected":false},"excerpt":{"rendered":"<p>[vc_row][vc_column][vc_column_text] Verlieren Sie nicht die \u00dcbersicht! Mit Hilfe unserer intuitiven Mitgliederverwaltung behalten Sie den \u00dcberblick \u00fcber Ihre\u00a0Kunden. [\/vc_column_text][\/vc_column][\/vc_row][vc_row full_width=&#8221;stretch_row&#8221; css=&#8221;.vc_custom_1495608273865{padding-top: 5% !important;}&#8221;][vc_column width=&#8221;1\/2&#8243;][vc_single_image image=&#8221;182&#8243; img_size=&#8221;medium&#8221; style=&#8221;vc_box_outline&#8221; onclick=&#8221;link_image&#8221;][\/vc_column][vc_column width=&#8221;1\/2&#8243;][vc_column_text] Mitglieder-\u00dcbersicht In der \u00dcbersicht finden Sie alle Mitglieder, die Sie angelegt\u00a0haben.\u00a0Diese werden tabellenartig mit Vor- \/ Nachnamen, Stadt, Kontaktdaten und den Kurse, die sie belegt haben, dargestellt.&hellip;<\/p>\n","protected":false},"author":1,"featured_media":0,"parent":11,"menu_order":0,"comment_status":"closed","ping_status":"closed","template":"","meta":{"footnotes":""},"yoast_head":"<!-- This site is optimized with the Yoast SEO plugin v24.3 - https:\/\/yoast.com\/wordpress\/plugins\/seo\/ -->\n<title>Mitgliederverwaltung - weDance<\/title>\n<meta name=\"robots\" content=\"index, follow, max-snippet:-1, max-image-preview:large, max-video-preview:-1\" \/>\n<link rel=\"canonical\" href=\"https:\/\/www.wedance.io\/de\/funktionen\/mitgliederverwaltung\/\" \/>\n<meta property=\"og:locale\" content=\"de_DE\" \/>\n<meta property=\"og:type\" content=\"article\" \/>\n<meta property=\"og:title\" content=\"Mitgliederverwaltung - weDance\" \/>\n<meta property=\"og:description\" content=\"[vc_row][vc_column][vc_column_text] Verlieren Sie nicht die \u00dcbersicht! Mit Hilfe unserer intuitiven Mitgliederverwaltung behalten Sie den \u00dcberblick \u00fcber Ihre\u00a0Kunden. [\/vc_column_text][\/vc_column][\/vc_row][vc_row full_width=&#8221;stretch_row&#8221; css=&#8221;.vc_custom_1495608273865{padding-top: 5% !important;}&#8221;][vc_column width=&#8221;1\/2&#8243;][vc_single_image image=&#8221;182&#8243; img_size=&#8221;medium&#8221; style=&#8221;vc_box_outline&#8221; onclick=&#8221;link_image&#8221;][\/vc_column][vc_column width=&#8221;1\/2&#8243;][vc_column_text] Mitglieder-\u00dcbersicht In der \u00dcbersicht finden Sie alle Mitglieder, die Sie angelegt\u00a0haben.\u00a0Diese werden tabellenartig mit Vor- \/ Nachnamen, Stadt, Kontaktdaten und den Kurse, die sie belegt haben, dargestellt.&hellip;\" \/>\n<meta property=\"og:url\" content=\"https:\/\/www.wedance.io\/de\/funktionen\/mitgliederverwaltung\/\" \/>\n<meta property=\"og:site_name\" content=\"weDance\" \/>\n<meta property=\"article:modified_time\" content=\"2017-05-29T08:11:44+00:00\" \/>\n<meta name=\"twitter:card\" content=\"summary_large_image\" \/>\n<meta name=\"twitter:label1\" content=\"Gesch\u00e4tzte Lesezeit\" \/>\n\t<meta name=\"twitter:data1\" content=\"3\u00a0Minuten\" \/>\n<script type=\"application\/ld+json\" class=\"yoast-schema-graph\">{\"@context\":\"https:\/\/schema.org\",\"@graph\":[{\"@type\":\"WebPage\",\"@id\":\"https:\/\/www.wedance.io\/de\/funktionen\/mitgliederverwaltung\/\",\"url\":\"https:\/\/www.wedance.io\/de\/funktionen\/mitgliederverwaltung\/\",\"name\":\"Mitgliederverwaltung - weDance\",\"isPartOf\":{\"@id\":\"https:\/\/www.wedance.io\/de\/#website\"},\"datePublished\":\"2017-05-22T10:33:37+00:00\",\"dateModified\":\"2017-05-29T08:11:44+00:00\",\"breadcrumb\":{\"@id\":\"https:\/\/www.wedance.io\/de\/funktionen\/mitgliederverwaltung\/#breadcrumb\"},\"inLanguage\":\"de\",\"potentialAction\":[{\"@type\":\"ReadAction\",\"target\":[\"https:\/\/www.wedance.io\/de\/funktionen\/mitgliederverwaltung\/\"]}]},{\"@type\":\"BreadcrumbList\",\"@id\":\"https:\/\/www.wedance.io\/de\/funktionen\/mitgliederverwaltung\/#breadcrumb\",\"itemListElement\":[{\"@type\":\"ListItem\",\"position\":1,\"name\":\"Home\",\"item\":\"https:\/\/www.wedance.io\/de\/\"},{\"@type\":\"ListItem\",\"position\":2,\"name\":\"Funktionen unserer Tanzschulverwaltung\",\"item\":\"https:\/\/www.wedance.io\/de\/funktionen\/\"},{\"@type\":\"ListItem\",\"position\":3,\"name\":\"Mitgliederverwaltung\"}]},{\"@type\":\"WebSite\",\"@id\":\"https:\/\/www.wedance.io\/de\/#website\",\"url\":\"https:\/\/www.wedance.io\/de\/\",\"name\":\"weDance\",\"description\":\"Tanzschuleverwaltung Software\",\"publisher\":{\"@id\":\"https:\/\/www.wedance.io\/de\/#organization\"},\"potentialAction\":[{\"@type\":\"SearchAction\",\"target\":{\"@type\":\"EntryPoint\",\"urlTemplate\":\"https:\/\/www.wedance.io\/de\/?s={search_term_string}\"},\"query-input\":{\"@type\":\"PropertyValueSpecification\",\"valueRequired\":true,\"valueName\":\"search_term_string\"}}],\"inLanguage\":\"de\"},{\"@type\":\"Organization\",\"@id\":\"https:\/\/www.wedance.io\/de\/#organization\",\"name\":\"weDance\",\"url\":\"https:\/\/www.wedance.io\/de\/\",\"logo\":{\"@type\":\"ImageObject\",\"inLanguage\":\"de\",\"@id\":\"https:\/\/www.wedance.io\/de\/#\/schema\/logo\/image\/\",\"url\":\"https:\/\/www.wedance.io\/de\/wp-content\/uploads\/sites\/2\/2017\/05\/logo.png\",\"contentUrl\":\"https:\/\/www.wedance.io\/de\/wp-content\/uploads\/sites\/2\/2017\/05\/logo.png\",\"width\":300,\"height\":158,\"caption\":\"weDance\"},\"image\":{\"@id\":\"https:\/\/www.wedance.io\/de\/#\/schema\/logo\/image\/\"}}]}<\/script>\n<!-- \/ Yoast SEO plugin. -->","yoast_head_json":{"title":"Mitgliederverwaltung - weDance","robots":{"index":"index","follow":"follow","max-snippet":"max-snippet:-1","max-image-preview":"max-image-preview:large","max-video-preview":"max-video-preview:-1"},"canonical":"https:\/\/www.wedance.io\/de\/funktionen\/mitgliederverwaltung\/","og_locale":"de_DE","og_type":"article","og_title":"Mitgliederverwaltung - weDance","og_description":"[vc_row][vc_column][vc_column_text] Verlieren Sie nicht die \u00dcbersicht! Mit Hilfe unserer intuitiven Mitgliederverwaltung behalten Sie den \u00dcberblick \u00fcber Ihre\u00a0Kunden. [\/vc_column_text][\/vc_column][\/vc_row][vc_row full_width=&#8221;stretch_row&#8221; css=&#8221;.vc_custom_1495608273865{padding-top: 5% !important;}&#8221;][vc_column width=&#8221;1\/2&#8243;][vc_single_image image=&#8221;182&#8243; img_size=&#8221;medium&#8221; style=&#8221;vc_box_outline&#8221; onclick=&#8221;link_image&#8221;][\/vc_column][vc_column width=&#8221;1\/2&#8243;][vc_column_text] Mitglieder-\u00dcbersicht In der \u00dcbersicht finden Sie alle Mitglieder, die Sie angelegt\u00a0haben.\u00a0Diese werden tabellenartig mit Vor- \/ Nachnamen, Stadt, Kontaktdaten und den Kurse, die sie belegt haben, dargestellt.&hellip;","og_url":"https:\/\/www.wedance.io\/de\/funktionen\/mitgliederverwaltung\/","og_site_name":"weDance","article_modified_time":"2017-05-29T08:11:44+00:00","twitter_card":"summary_large_image","twitter_misc":{"Gesch\u00e4tzte Lesezeit":"3\u00a0Minuten"},"schema":{"@context":"https:\/\/schema.org","@graph":[{"@type":"WebPage","@id":"https:\/\/www.wedance.io\/de\/funktionen\/mitgliederverwaltung\/","url":"https:\/\/www.wedance.io\/de\/funktionen\/mitgliederverwaltung\/","name":"Mitgliederverwaltung - weDance","isPartOf":{"@id":"https:\/\/www.wedance.io\/de\/#website"},"datePublished":"2017-05-22T10:33:37+00:00","dateModified":"2017-05-29T08:11:44+00:00","breadcrumb":{"@id":"https:\/\/www.wedance.io\/de\/funktionen\/mitgliederverwaltung\/#breadcrumb"},"inLanguage":"de","potentialAction":[{"@type":"ReadAction","target":["https:\/\/www.wedance.io\/de\/funktionen\/mitgliederverwaltung\/"]}]},{"@type":"BreadcrumbList","@id":"https:\/\/www.wedance.io\/de\/funktionen\/mitgliederverwaltung\/#breadcrumb","itemListElement":[{"@type":"ListItem","position":1,"name":"Home","item":"https:\/\/www.wedance.io\/de\/"},{"@type":"ListItem","position":2,"name":"Funktionen unserer Tanzschulverwaltung","item":"https:\/\/www.wedance.io\/de\/funktionen\/"},{"@type":"ListItem","position":3,"name":"Mitgliederverwaltung"}]},{"@type":"WebSite","@id":"https:\/\/www.wedance.io\/de\/#website","url":"https:\/\/www.wedance.io\/de\/","name":"weDance","description":"Tanzschuleverwaltung Software","publisher":{"@id":"https:\/\/www.wedance.io\/de\/#organization"},"potentialAction":[{"@type":"SearchAction","target":{"@type":"EntryPoint","urlTemplate":"https:\/\/www.wedance.io\/de\/?s={search_term_string}"},"query-input":{"@type":"PropertyValueSpecification","valueRequired":true,"valueName":"search_term_string"}}],"inLanguage":"de"},{"@type":"Organization","@id":"https:\/\/www.wedance.io\/de\/#organization","name":"weDance","url":"https:\/\/www.wedance.io\/de\/","logo":{"@type":"ImageObject","inLanguage":"de","@id":"https:\/\/www.wedance.io\/de\/#\/schema\/logo\/image\/","url":"https:\/\/www.wedance.io\/de\/wp-content\/uploads\/sites\/2\/2017\/05\/logo.png","contentUrl":"https:\/\/www.wedance.io\/de\/wp-content\/uploads\/sites\/2\/2017\/05\/logo.png","width":300,"height":158,"caption":"weDance"},"image":{"@id":"https:\/\/www.wedance.io\/de\/#\/schema\/logo\/image\/"}}]}},"_links":{"self":[{"href":"https:\/\/www.wedance.io\/de\/wp-json\/wp\/v2\/pages\/169"}],"collection":[{"href":"https:\/\/www.wedance.io\/de\/wp-json\/wp\/v2\/pages"}],"about":[{"href":"https:\/\/www.wedance.io\/de\/wp-json\/wp\/v2\/types\/page"}],"author":[{"embeddable":true,"href":"https:\/\/www.wedance.io\/de\/wp-json\/wp\/v2\/users\/1"}],"replies":[{"embeddable":true,"href":"https:\/\/www.wedance.io\/de\/wp-json\/wp\/v2\/comments?post=169"}],"version-history":[{"count":9,"href":"https:\/\/www.wedance.io\/de\/wp-json\/wp\/v2\/pages\/169\/revisions"}],"predecessor-version":[{"id":186,"href":"https:\/\/www.wedance.io\/de\/wp-json\/wp\/v2\/pages\/169\/revisions\/186"}],"up":[{"embeddable":true,"href":"https:\/\/www.wedance.io\/de\/wp-json\/wp\/v2\/pages\/11"}],"wp:attachment":[{"href":"https:\/\/www.wedance.io\/de\/wp-json\/wp\/v2\/media?parent=169"}],"curies":[{"name":"wp","href":"https:\/\/api.w.org\/{rel}","templated":true}]}}