{"id":131,"date":"2017-05-22T10:33:37","date_gmt":"2017-05-22T10:33:37","guid":{"rendered":"https:\/\/www.wedance.io\/de\/?page_id=131"},"modified":"2017-05-30T09:55:36","modified_gmt":"2017-05-30T09:55:36","slug":"tanzkursverwaltung","status":"publish","type":"page","link":"https:\/\/www.wedance.io\/de\/funktionen\/tanzkursverwaltung\/","title":{"rendered":"Tanzkursverwaltung"},"content":{"rendered":"<div class=\"wpb-content-wrapper\">[vc_row][vc_column][vc_column_text]\n<p style=\"text-align: center;\">Einfacher geht es nicht!<\/p>\n<p style=\"text-align: center;\"><strong>Verwalten Sie mit Leichtigkeit Ihre Tanzkurse mit unserer Tanzkurs-Verwaltung.<\/strong><br \/>\nEin Interaktiver Terminkalender, die M\u00f6glichkeit Kunden- und Anwesenheitslisten auszudrucken und vielen mehr.<\/p>\n[\/vc_column_text][\/vc_column][\/vc_row][vc_row full_width=&#8221;stretch_row&#8221; css=&#8221;.vc_custom_1495608273865{padding-top: 5% !important;}&#8221;][vc_column width=&#8221;1\/2&#8243;][vc_single_image image=&#8221;152&#8243; img_size=&#8221;medium&#8221; style=&#8221;vc_box_outline&#8221; onclick=&#8221;link_image&#8221;][\/vc_column][vc_column width=&#8221;1\/2&#8243;][vc_column_text]\n<h2>Tanzkurs-\u00dcbersicht<\/h2>\n<p>In der \u00dcbersicht finden Sie alle Tanzkurse, die Sie erstellt haben.\u00a0Diese werden tabellenartig mit Namen, Kurstyp, Anfangs- und Enddatum und der Startzeit angezeigt.<\/p>\n<ul>\n<li>Schnelle Ansicht aller wichtigen Information<\/li>\n<li>Kunden einsehen<\/li>\n<li><a href=\"#anwesenheitsliste\">Anwesenheitsliste drucken<\/a><\/li>\n<li><a href=\"#kundenliste\">Kundenliste\u00a0drucken<\/a><\/li>\n<\/ul>\n[\/vc_column_text][\/vc_column][\/vc_row][vc_row full_width=&#8221;stretch_row&#8221; css=&#8221;.vc_custom_1495547204894{padding-top: 5% !important;padding-bottom: 5% !important;}&#8221;][vc_column width=&#8221;1\/3&#8243;][vc_single_image image=&#8221;495&#8243; img_size=&#8221;medium&#8221; style=&#8221;vc_box_outline&#8221; onclick=&#8221;link_image&#8221;][vc_column_text]\n<h3>Kurse Exportieren &amp; Suche<\/h3>\n<p>Exportieren Sie schnell Ihre Tanzkurse als PDF, CSV oder sogar Excel Format. Zudem erleichtert Ihnen die Live-Suche die Arbeit falls Sie sehr viele Eintr\u00e4ge\u00a0haben.[\/vc_column_text][\/vc_column][vc_column width=&#8221;1\/3&#8243;][vc_single_image image=&#8221;184&#8243; img_size=&#8221;medium&#8221; style=&#8221;vc_box_outline&#8221; onclick=&#8221;link_image&#8221;][vc_column_text]\n<h3>Filter<\/h3>\n<p>Filtern Sie Ihre Kursliste nach verschiedenen Kriterien. Zum Beispiel nach dem Kurstyp, dem Wochentag, Datum und mehr.[\/vc_column_text][\/vc_column][vc_column width=&#8221;1\/3&#8243;][vc_single_image image=&#8221;498&#8243; img_size=&#8221;medium&#8221; style=&#8221;vc_box_outline&#8221; onclick=&#8221;link_image&#8221;][vc_column_text]\n<h3>Rechnungen \/ Best\u00e4tigungsmail erstellen<\/h3>\n<p>Erstellen Sie f\u00fcr\u00a0Ihre\u00a0Kunden eine Rechnung, eine Email Best\u00e4tigung, ver\u00e4ndern Sie den Bezahlt-Status oder l\u00f6schen Sie einen Kunden direkt aus einem Kurs.<\/p>\n<p>Zudem k\u00f6nnen Sie mehrere Kunden von einem zum anderen Kurs kopieren.[\/vc_column_text][\/vc_column][\/vc_row][vc_row full_width=&#8221;stretch_row&#8221; css=&#8221;.vc_custom_1495606959217{padding-top: 5% !important;padding-bottom: 5% !important;background-color: #f7f7f7 !important;}&#8221; el_id=&#8221;anwesenheitsliste&#8221;][vc_column width=&#8221;1\/2&#8243;][vc_column_text]\n<h2>Anwesenheitsliste drucken<\/h2>\n<p>Damit Sie kontrollieren k\u00f6nnen, ob Ihre Kunden auch erschienen sind, k\u00f6nnen Sie eine Anwesenheitsliste f\u00fcr jeden Tanzkurs drucken. In dieser Liste werden alle Mitglieder + Partner,\u00a0alle Termine des Kurses, sowie das Kommentarfeld ausgedruckt.[\/vc_column_text][\/vc_column][vc_column width=&#8221;1\/2&#8243;][vc_single_image image=&#8221;154&#8243; img_size=&#8221;medium&#8221; onclick=&#8221;link_image&#8221;][\/vc_column][\/vc_row][vc_row full_width=&#8221;stretch_row&#8221; css=&#8221;.vc_custom_1495606965266{padding-top: 5% !important;padding-bottom: 5% !important;}&#8221; el_id=&#8221;kundenliste&#8221;][vc_column width=&#8221;1\/2&#8243;][vc_single_image image=&#8221;155&#8243; img_size=&#8221;medium&#8221; style=&#8221;vc_box_outline&#8221; onclick=&#8221;link_image&#8221;][\/vc_column][vc_column width=&#8221;1\/2&#8243;][vc_column_text]\n<h2>Kundenliste Drucken<\/h2>\n<p>Mit Hilfe eines Ausdrucks der Kundenliste erhalten Sie schnell alle Mitglieder eines Kurses und deren Kontaktinformationen.\u00a0Neben den normalen\u00a0Kunden werden hier auch die Partner des jeweiligen Kunden gelistet. Dies kann zum Beispiel daf\u00fcr benutzt werden um schnell alle Kunden eines Tanzkurses\u00a0zu kontaktieren.[\/vc_column_text][\/vc_column][\/vc_row][vc_row full_width=&#8221;stretch_row&#8221; css=&#8221;.vc_custom_1495606959217{padding-top: 5% !important;padding-bottom: 5% !important;background-color: #f7f7f7 !important;}&#8221;][vc_column width=&#8221;1\/2&#8243;][vc_column_text]\n<h2>Tanzkurskalender<\/h2>\n<p>In dem Tanzkurskalender erhalten\u00a0Sie einen Einblick in alle Tanzkurse, die in n\u00e4chster Zeit anstehen. Insofern bei den Tanzlehrern\u00a0verschiedene Farben hinterlegt wurden, werden diese kenntlich dargestellt. Ebenso besteht die M\u00f6glichkeit zwischen\u00a0Tags-, Wochen und Monatsansicht zu wechseln.[\/vc_column_text][\/vc_column][vc_column width=&#8221;1\/2&#8243;][vc_single_image image=&#8221;148&#8243; img_size=&#8221;medium&#8221; onclick=&#8221;link_image&#8221;][\/vc_column][\/vc_row][vc_row full_width=&#8221;stretch_row&#8221; css=&#8221;.vc_custom_1495606965266{padding-top: 5% !important;padding-bottom: 5% !important;}&#8221;][vc_column width=&#8221;1\/2&#8243;][vc_single_image image=&#8221;149&#8243; img_size=&#8221;medium&#8221; style=&#8221;vc_box_outline&#8221; onclick=&#8221;link_image&#8221;][\/vc_column][vc_column width=&#8221;1\/2&#8243;][vc_column_text]\n<h2>Neuen Tanzkurs erstellen<\/h2>\n<p>In nur 5 Minuten k\u00f6nnen Sie \u00fcber die Tanzkursverwaltung einen neuen Tanzkurs erstellen. Neben den generellen Informationen wie Name bzw. Kurstyp, Preis, Termine\u00a0+ Zeit, Ort, k\u00f6nnen Sie hier auch direkt die Kunden ausw\u00e4hlen, die an diesem Kurs teilnehmen.<\/p>\n<p>Jedem Kunden kann dann ein Partner, seine\u00a0Bezahlmethode, ein Gutschein und der Bezahlstatus hinterlegt werden. Ein freies Kommentarfeld kann f\u00fcr weitere Informationen benutzt werden.[\/vc_column_text][\/vc_column][\/vc_row]\n<\/div>","protected":false},"excerpt":{"rendered":"<p>[vc_row][vc_column][vc_column_text] Einfacher geht es nicht! Verwalten Sie mit Leichtigkeit Ihre Tanzkurse mit unserer Tanzkurs-Verwaltung. Ein Interaktiver Terminkalender, die M\u00f6glichkeit Kunden- und Anwesenheitslisten auszudrucken und vielen mehr. [\/vc_column_text][\/vc_column][\/vc_row][vc_row full_width=&#8221;stretch_row&#8221; css=&#8221;.vc_custom_1495608273865{padding-top: 5% !important;}&#8221;][vc_column width=&#8221;1\/2&#8243;][vc_single_image image=&#8221;152&#8243; img_size=&#8221;medium&#8221; style=&#8221;vc_box_outline&#8221; onclick=&#8221;link_image&#8221;][\/vc_column][vc_column width=&#8221;1\/2&#8243;][vc_column_text] Tanzkurs-\u00dcbersicht In der \u00dcbersicht finden Sie alle Tanzkurse, die Sie erstellt haben.\u00a0Diese werden tabellenartig mit Namen, Kurstyp, Anfangs-&hellip;<\/p>\n","protected":false},"author":1,"featured_media":0,"parent":11,"menu_order":0,"comment_status":"closed","ping_status":"closed","template":"","meta":{"footnotes":""},"yoast_head":"<!-- This site is optimized with the Yoast SEO plugin v24.3 - https:\/\/yoast.com\/wordpress\/plugins\/seo\/ -->\n<title>Tanzkursverwaltung - weDance<\/title>\n<meta name=\"robots\" content=\"index, follow, max-snippet:-1, max-image-preview:large, max-video-preview:-1\" \/>\n<link rel=\"canonical\" href=\"https:\/\/www.wedance.io\/de\/funktionen\/tanzkursverwaltung\/\" \/>\n<meta property=\"og:locale\" content=\"de_DE\" \/>\n<meta property=\"og:type\" content=\"article\" \/>\n<meta property=\"og:title\" content=\"Tanzkursverwaltung - weDance\" \/>\n<meta property=\"og:description\" content=\"[vc_row][vc_column][vc_column_text] Einfacher geht es nicht! Verwalten Sie mit Leichtigkeit Ihre Tanzkurse mit unserer Tanzkurs-Verwaltung. Ein Interaktiver Terminkalender, die M\u00f6glichkeit Kunden- und Anwesenheitslisten auszudrucken und vielen mehr. [\/vc_column_text][\/vc_column][\/vc_row][vc_row full_width=&#8221;stretch_row&#8221; css=&#8221;.vc_custom_1495608273865{padding-top: 5% !important;}&#8221;][vc_column width=&#8221;1\/2&#8243;][vc_single_image image=&#8221;152&#8243; img_size=&#8221;medium&#8221; style=&#8221;vc_box_outline&#8221; onclick=&#8221;link_image&#8221;][\/vc_column][vc_column width=&#8221;1\/2&#8243;][vc_column_text] Tanzkurs-\u00dcbersicht In der \u00dcbersicht finden Sie alle Tanzkurse, die Sie erstellt haben.\u00a0Diese werden tabellenartig mit Namen, Kurstyp, Anfangs-&hellip;\" \/>\n<meta property=\"og:url\" content=\"https:\/\/www.wedance.io\/de\/funktionen\/tanzkursverwaltung\/\" \/>\n<meta property=\"og:site_name\" content=\"weDance\" \/>\n<meta property=\"article:modified_time\" content=\"2017-05-30T09:55:36+00:00\" \/>\n<meta name=\"twitter:card\" content=\"summary_large_image\" \/>\n<meta name=\"twitter:label1\" content=\"Gesch\u00e4tzte Lesezeit\" \/>\n\t<meta name=\"twitter:data1\" content=\"3\u00a0Minuten\" \/>\n<script type=\"application\/ld+json\" class=\"yoast-schema-graph\">{\"@context\":\"https:\/\/schema.org\",\"@graph\":[{\"@type\":\"WebPage\",\"@id\":\"https:\/\/www.wedance.io\/de\/funktionen\/tanzkursverwaltung\/\",\"url\":\"https:\/\/www.wedance.io\/de\/funktionen\/tanzkursverwaltung\/\",\"name\":\"Tanzkursverwaltung - weDance\",\"isPartOf\":{\"@id\":\"https:\/\/www.wedance.io\/de\/#website\"},\"datePublished\":\"2017-05-22T10:33:37+00:00\",\"dateModified\":\"2017-05-30T09:55:36+00:00\",\"breadcrumb\":{\"@id\":\"https:\/\/www.wedance.io\/de\/funktionen\/tanzkursverwaltung\/#breadcrumb\"},\"inLanguage\":\"de\",\"potentialAction\":[{\"@type\":\"ReadAction\",\"target\":[\"https:\/\/www.wedance.io\/de\/funktionen\/tanzkursverwaltung\/\"]}]},{\"@type\":\"BreadcrumbList\",\"@id\":\"https:\/\/www.wedance.io\/de\/funktionen\/tanzkursverwaltung\/#breadcrumb\",\"itemListElement\":[{\"@type\":\"ListItem\",\"position\":1,\"name\":\"Home\",\"item\":\"https:\/\/www.wedance.io\/de\/\"},{\"@type\":\"ListItem\",\"position\":2,\"name\":\"Funktionen unserer Tanzschulverwaltung\",\"item\":\"https:\/\/www.wedance.io\/de\/funktionen\/\"},{\"@type\":\"ListItem\",\"position\":3,\"name\":\"Tanzkursverwaltung\"}]},{\"@type\":\"WebSite\",\"@id\":\"https:\/\/www.wedance.io\/de\/#website\",\"url\":\"https:\/\/www.wedance.io\/de\/\",\"name\":\"weDance\",\"description\":\"Tanzschuleverwaltung Software\",\"publisher\":{\"@id\":\"https:\/\/www.wedance.io\/de\/#organization\"},\"potentialAction\":[{\"@type\":\"SearchAction\",\"target\":{\"@type\":\"EntryPoint\",\"urlTemplate\":\"https:\/\/www.wedance.io\/de\/?s={search_term_string}\"},\"query-input\":{\"@type\":\"PropertyValueSpecification\",\"valueRequired\":true,\"valueName\":\"search_term_string\"}}],\"inLanguage\":\"de\"},{\"@type\":\"Organization\",\"@id\":\"https:\/\/www.wedance.io\/de\/#organization\",\"name\":\"weDance\",\"url\":\"https:\/\/www.wedance.io\/de\/\",\"logo\":{\"@type\":\"ImageObject\",\"inLanguage\":\"de\",\"@id\":\"https:\/\/www.wedance.io\/de\/#\/schema\/logo\/image\/\",\"url\":\"https:\/\/www.wedance.io\/de\/wp-content\/uploads\/sites\/2\/2017\/05\/logo.png\",\"contentUrl\":\"https:\/\/www.wedance.io\/de\/wp-content\/uploads\/sites\/2\/2017\/05\/logo.png\",\"width\":300,\"height\":158,\"caption\":\"weDance\"},\"image\":{\"@id\":\"https:\/\/www.wedance.io\/de\/#\/schema\/logo\/image\/\"}}]}<\/script>\n<!-- \/ Yoast SEO plugin. -->","yoast_head_json":{"title":"Tanzkursverwaltung - weDance","robots":{"index":"index","follow":"follow","max-snippet":"max-snippet:-1","max-image-preview":"max-image-preview:large","max-video-preview":"max-video-preview:-1"},"canonical":"https:\/\/www.wedance.io\/de\/funktionen\/tanzkursverwaltung\/","og_locale":"de_DE","og_type":"article","og_title":"Tanzkursverwaltung - weDance","og_description":"[vc_row][vc_column][vc_column_text] Einfacher geht es nicht! Verwalten Sie mit Leichtigkeit Ihre Tanzkurse mit unserer Tanzkurs-Verwaltung. Ein Interaktiver Terminkalender, die M\u00f6glichkeit Kunden- und Anwesenheitslisten auszudrucken und vielen mehr. [\/vc_column_text][\/vc_column][\/vc_row][vc_row full_width=&#8221;stretch_row&#8221; css=&#8221;.vc_custom_1495608273865{padding-top: 5% !important;}&#8221;][vc_column width=&#8221;1\/2&#8243;][vc_single_image image=&#8221;152&#8243; img_size=&#8221;medium&#8221; style=&#8221;vc_box_outline&#8221; onclick=&#8221;link_image&#8221;][\/vc_column][vc_column width=&#8221;1\/2&#8243;][vc_column_text] Tanzkurs-\u00dcbersicht In der \u00dcbersicht finden Sie alle Tanzkurse, die Sie erstellt haben.\u00a0Diese werden tabellenartig mit Namen, Kurstyp, Anfangs-&hellip;","og_url":"https:\/\/www.wedance.io\/de\/funktionen\/tanzkursverwaltung\/","og_site_name":"weDance","article_modified_time":"2017-05-30T09:55:36+00:00","twitter_card":"summary_large_image","twitter_misc":{"Gesch\u00e4tzte Lesezeit":"3\u00a0Minuten"},"schema":{"@context":"https:\/\/schema.org","@graph":[{"@type":"WebPage","@id":"https:\/\/www.wedance.io\/de\/funktionen\/tanzkursverwaltung\/","url":"https:\/\/www.wedance.io\/de\/funktionen\/tanzkursverwaltung\/","name":"Tanzkursverwaltung - weDance","isPartOf":{"@id":"https:\/\/www.wedance.io\/de\/#website"},"datePublished":"2017-05-22T10:33:37+00:00","dateModified":"2017-05-30T09:55:36+00:00","breadcrumb":{"@id":"https:\/\/www.wedance.io\/de\/funktionen\/tanzkursverwaltung\/#breadcrumb"},"inLanguage":"de","potentialAction":[{"@type":"ReadAction","target":["https:\/\/www.wedance.io\/de\/funktionen\/tanzkursverwaltung\/"]}]},{"@type":"BreadcrumbList","@id":"https:\/\/www.wedance.io\/de\/funktionen\/tanzkursverwaltung\/#breadcrumb","itemListElement":[{"@type":"ListItem","position":1,"name":"Home","item":"https:\/\/www.wedance.io\/de\/"},{"@type":"ListItem","position":2,"name":"Funktionen unserer Tanzschulverwaltung","item":"https:\/\/www.wedance.io\/de\/funktionen\/"},{"@type":"ListItem","position":3,"name":"Tanzkursverwaltung"}]},{"@type":"WebSite","@id":"https:\/\/www.wedance.io\/de\/#website","url":"https:\/\/www.wedance.io\/de\/","name":"weDance","description":"Tanzschuleverwaltung Software","publisher":{"@id":"https:\/\/www.wedance.io\/de\/#organization"},"potentialAction":[{"@type":"SearchAction","target":{"@type":"EntryPoint","urlTemplate":"https:\/\/www.wedance.io\/de\/?s={search_term_string}"},"query-input":{"@type":"PropertyValueSpecification","valueRequired":true,"valueName":"search_term_string"}}],"inLanguage":"de"},{"@type":"Organization","@id":"https:\/\/www.wedance.io\/de\/#organization","name":"weDance","url":"https:\/\/www.wedance.io\/de\/","logo":{"@type":"ImageObject","inLanguage":"de","@id":"https:\/\/www.wedance.io\/de\/#\/schema\/logo\/image\/","url":"https:\/\/www.wedance.io\/de\/wp-content\/uploads\/sites\/2\/2017\/05\/logo.png","contentUrl":"https:\/\/www.wedance.io\/de\/wp-content\/uploads\/sites\/2\/2017\/05\/logo.png","width":300,"height":158,"caption":"weDance"},"image":{"@id":"https:\/\/www.wedance.io\/de\/#\/schema\/logo\/image\/"}}]}},"_links":{"self":[{"href":"https:\/\/www.wedance.io\/de\/wp-json\/wp\/v2\/pages\/131"}],"collection":[{"href":"https:\/\/www.wedance.io\/de\/wp-json\/wp\/v2\/pages"}],"about":[{"href":"https:\/\/www.wedance.io\/de\/wp-json\/wp\/v2\/types\/page"}],"author":[{"embeddable":true,"href":"https:\/\/www.wedance.io\/de\/wp-json\/wp\/v2\/users\/1"}],"replies":[{"embeddable":true,"href":"https:\/\/www.wedance.io\/de\/wp-json\/wp\/v2\/comments?post=131"}],"version-history":[{"count":10,"href":"https:\/\/www.wedance.io\/de\/wp-json\/wp\/v2\/pages\/131\/revisions"}],"predecessor-version":[{"id":499,"href":"https:\/\/www.wedance.io\/de\/wp-json\/wp\/v2\/pages\/131\/revisions\/499"}],"up":[{"embeddable":true,"href":"https:\/\/www.wedance.io\/de\/wp-json\/wp\/v2\/pages\/11"}],"wp:attachment":[{"href":"https:\/\/www.wedance.io\/de\/wp-json\/wp\/v2\/media?parent=131"}],"curies":[{"name":"wp","href":"https:\/\/api.w.org\/{rel}","templated":true}]}}