{"id":11,"date":"2017-05-22T10:33:37","date_gmt":"2017-05-22T10:33:37","guid":{"rendered":"https:\/\/www.wedance.io\/de\/?page_id=11"},"modified":"2017-07-23T14:54:27","modified_gmt":"2017-07-23T14:54:27","slug":"funktionen","status":"publish","type":"page","link":"https:\/\/www.wedance.io\/de\/funktionen\/","title":{"rendered":"Funktionen unserer Tanzschulverwaltung"},"content":{"rendered":"<div class=\"wpb-content-wrapper\">[vc_row css=&#8221;.vc_custom_1495528281392{padding-top: 5% !important;padding-bottom: 5% !important;}&#8221;][vc_column width=&#8221;1\/2&#8243;][vc_single_image image=&#8221;91&#8243; img_size=&#8221;medium&#8221; onclick=&#8221;link_image&#8221;][\/vc_column][vc_column width=&#8221;1\/2&#8243;][vc_column_text]\n<h2>All-In-One Tanzschulverwaltung<\/h2>\n<p>weDance ist Ihre Tanzschulverwaltungssoftware. Entwickelt mit und f\u00fcr Tanzschulen um Ihr Leben zu vereinfachen. Verwalten Sie Ihre Tanzkurse, Kunden, Veranstaltungen, Theke und vieles mehr. Alles was Sie brauchen um Ihre Tanzschule erfolgreich zu verwalten \u2013\u00a0egal wo Sie sind. Cloud basierend und ger\u00e4teunabh\u00e4ngig f\u00fcr maximale Komfortabilit\u00e4t.<\/p>\n<ul>\n<li><a href=\"#dashboard\">Dashboard<\/a><\/li>\n<li><a href=\"#tanzkursverwaltung\">Tanzkursverwaltung<\/a><\/li>\n<li><a href=\"#mitgliederverwaltung\">Mitgliederverwaltung<\/a><\/li>\n<li><a href=\"#eventverwaltung\">Eventverwaltung<\/a><\/li>\n<li><a href=\"#gutscheinverwaltung\">Gutscheinverwaltung<\/a><\/li>\n<li><a href=\"#newsletter\">Newsletter &amp; Email-Best\u00e4tigungen<\/a><\/li>\n<li><a href=\"#thekenplanung\">Thekenplanung<\/a><\/li>\n<li><a href=\"#buchhaltung\">Buchhaltung<\/a><\/li>\n<li><a href=\"#einstellungen\">Einstellungen, Tanzlehrer\u2026 und mehr<\/a><\/li>\n<\/ul>\n[\/vc_column_text][\/vc_column][\/vc_row][vc_row full_width=&#8221;stretch_row&#8221; css=&#8221;.vc_custom_1495535161632{padding-top: 5% !important;padding-bottom: 5% !important;background-color: #f7f7f7 !important;}&#8221; el_id=&#8221;dashboard&#8221;][vc_column width=&#8221;1\/2&#8243;][vc_single_image image=&#8221;65&#8243; img_size=&#8221;medium&#8221; onclick=&#8221;link_image&#8221;][\/vc_column][vc_column width=&#8221;1\/2&#8243;][vc_column_text]\n<h2>Dashboard<\/h2>\n<p>Alle wichtigen Informationen direkt im Blick. Das Dashboard\u00a0gibt Ihnen eine wichtige, schnelle \u00dcbersicht Ihrer Tanzschule.<\/p>\n<ul>\n<li>Anzeige von Kennzahlen<\/li>\n<li>Quick Links zu den wichtigsten Men\u00fcs<\/li>\n<li>Terminkalender<\/li>\n<li>Kursregistrierungen pro\u00a0Monat<\/li>\n<li>Neukunden\u00a0pro Monat<\/li>\n<li>Unterschiedliche Dashboards f\u00fcr Admin, Tanzlehrer, Thekenpersonal &amp; Kunden<\/li>\n<\/ul>\n[\/vc_column_text]<div class=\"vc_custom_1495530755399 wpex-clr\"><div class=\"theme-button-wrap textcenter wpex-clr\"><a href=\"https:\/\/www.wedance.io\/de\/funktionen\/dashboard\/\" class=\"vcex-button theme-button align-center inline\"><span class=\"vcex-button-inner theme-button-inner\">Mehr zum Dashboard<\/span><\/a><\/div><\/div> [\/vc_column][\/vc_row][vc_row css=&#8221;.vc_custom_1495549717745{padding-top: 5% !important;padding-bottom: 5% !important;}&#8221; el_id=&#8221;tanzkursverwaltung&#8221;][vc_column width=&#8221;1\/2&#8243;][vc_column_text]\n<h2>Tanzkursverwaltung<\/h2>\n<p>Kinderleichte Tanzkursverwaltung: Einfache \u00dcbersicht aller Tanzkurse, interaktiver Kalender mit allen Terminen und die Option eine Anwesenheitsliste auszudrucken.<\/p>\n<ul>\n<li>Kurs\u00fcbersicht<\/li>\n<li>Anwesenheitslisten drucken<\/li>\n<li>Kundenlisten drucken<\/li>\n<li>Filterm\u00f6glichkeiten (z.B. nach Kurstyp, Tag)<\/li>\n<li>Export (PDF, CSV, Excel, Print)<\/li>\n<\/ul>\n[\/vc_column_text]<div class=\"vc_custom_1496132140675 wpex-clr\"><div class=\"theme-button-wrap textcenter wpex-clr\"><a href=\"https:\/\/www.wedance.io\/de\/funktionen\/tanzkursverwaltung\/\" class=\"vcex-button theme-button align-center inline\"><span class=\"vcex-button-inner theme-button-inner\">Mehr zur Tanzkursverwaltung<\/span><\/a><\/div><\/div> [\/vc_column][vc_column width=&#8221;1\/2&#8243;][vc_single_image image=&#8221;152&#8243; img_size=&#8221;medium&#8221; onclick=&#8221;link_image&#8221;][\/vc_column][\/vc_row][vc_row full_width=&#8221;stretch_row&#8221; css=&#8221;.vc_custom_1495535178870{padding-top: 5% !important;padding-bottom: 5% !important;background-color: #f7f7f7 !important;}&#8221; el_id=&#8221;mitgliederverwaltung&#8221;][vc_column width=&#8221;1\/2&#8243;][vc_single_image image=&#8221;182&#8243; img_size=&#8221;medium&#8221; onclick=&#8221;link_image&#8221;][\/vc_column][vc_column width=&#8221;1\/2&#8243;][vc_column_text]\n<h2>Mitgliederverwaltung<\/h2>\n<p>Bewahren Sie die \u00dcbersicht \u00fcber Ihre Mitglieder.<\/p>\n<ul>\n<li>Kunden\u00fcbersicht<\/li>\n<li>Filterm\u00f6glichkeiten (z.B. nach Kurstyp, Tag)<\/li>\n<li>Export (PDF, CSV, Excel, Print)<\/li>\n<\/ul>\n[\/vc_column_text]<div class=\"vc_custom_1495531293440 wpex-clr\"><div class=\"theme-button-wrap textcenter wpex-clr\"><a href=\"https:\/\/www.wedance.io\/de\/funktionen\/mitgliederverwaltung\/\" class=\"vcex-button theme-button align-center inline\"><span class=\"vcex-button-inner theme-button-inner\">Mehr zur Mitgliederverwaltung<\/span><\/a><\/div><\/div> [\/vc_column][\/vc_row][vc_row css=&#8221;.vc_custom_1495535203656{padding-top: 5% !important;padding-bottom: 5% !important;}&#8221; el_id=&#8221;eventmanagement&#8221;][vc_column width=&#8221;1\/2&#8243;][vc_column_text]\n<h2>Eventmanagement<\/h2>\n<p>Verwalten Sie Ihren n\u00e4chsten Ball oder Feier mit unserem Tool.<\/p>\n<ul>\n<li>Anmeldungen verwalten<\/li>\n<li>Teilnehmer angeben<\/li>\n<li>Rechnungen erstellen<\/li>\n<li>Email-Best\u00e4tigung f\u00fcr Anmeldungen<\/li>\n<\/ul>\n[\/vc_column_text]<div class=\"vc_custom_1495532921806 wpex-clr\"><div class=\"theme-button-wrap textcenter wpex-clr\"><a href=\"https:\/\/www.wedance.io\/de\/funktionen\/eventmanagement\/\" class=\"vcex-button theme-button align-center inline\"><span class=\"vcex-button-inner theme-button-inner\">Mehr zum Eventmanagement<\/span><\/a><\/div><\/div> [\/vc_column][vc_column width=&#8221;1\/2&#8243;][vc_single_image image=&#8221;230&#8243; img_size=&#8221;medium&#8221; onclick=&#8221;link_image&#8221;][\/vc_column][\/vc_row][vc_row full_width=&#8221;stretch_row&#8221; css=&#8221;.vc_custom_1495535196888{padding-top: 5% !important;padding-bottom: 5% !important;background-color: #f7f7f7 !important;}&#8221; el_id=&#8221;gutscheinverwaltung&#8221;][vc_column width=&#8221;1\/2&#8243;][vc_single_image image=&#8221;213&#8243; img_size=&#8221;medium&#8221; onclick=&#8221;link_image&#8221;][\/vc_column][vc_column width=&#8221;1\/2&#8243;][vc_column_text]\n<h2>Gutscheinverwaltung<\/h2>\n<p>Generierung und \u00dcbersicht Ihrer Gutscheine.<\/p>\n<ul>\n<li>Anzeige wie H\u00e4ufig ein Gutschein verwendet wurde<\/li>\n<li>Limitierung auf die Benutzung eines Gutscheins<\/li>\n<li>Automatische Verkn\u00fcpfung\u00a0zur\u00a0Kundenrechnung<\/li>\n<\/ul>\n[\/vc_column_text]<div class=\"vc_custom_1495532934030 wpex-clr\"><div class=\"theme-button-wrap textcenter wpex-clr\"><a href=\"https:\/\/www.wedance.io\/de\/funktionen\/gutscheinverwaltung\/\" class=\"vcex-button theme-button align-center inline\"><span class=\"vcex-button-inner theme-button-inner\">Mehr zur Gutscheinverwaltung<\/span><\/a><\/div><\/div> [\/vc_column][\/vc_row][vc_row full_width=&#8221;stretch_row&#8221; css=&#8221;.vc_custom_1495535185074{padding-top: 5% !important;padding-bottom: 5% !important;}&#8221; el_id=&#8221;newsletter&#8221;][vc_column width=&#8221;1\/2&#8243;][vc_column_text]\n<h2>Newsletter &amp; Email-Best\u00e4tigungen<\/h2>\n<p>Informieren Sie Ihre Mitglieder \u00fcber Neuigkeiten mit Hilfe eines monatlichen Newsletters. Senden Sie zudem Email-Best\u00e4tigungen an Ihre Kunden aus.<\/p>\n<ul>\n<li>Newsletter Integration \u00fcber Mailchimp<\/li>\n<li>Frei anpassbare Email Templates<\/li>\n<li>Synchronisation Ihrer Kunden nach Mailchimp<\/li>\n<li>Email-Best\u00e4tigung f\u00fcr neue Anmeldungen<\/li>\n<\/ul>\n[\/vc_column_text]<div class=\"vc_custom_1496132156299 wpex-clr\"><div class=\"theme-button-wrap textcenter wpex-clr\"><a href=\"https:\/\/www.wedance.io\/de\/funktionen\/newsletter\/\" class=\"vcex-button theme-button align-center inline\"><span class=\"vcex-button-inner theme-button-inner\">Mehr zum Newsletter-System<\/span><\/a><\/div><\/div> [\/vc_column][vc_column width=&#8221;1\/2&#8243;][vc_single_image image=&#8221;328&#8243; img_size=&#8221;medium&#8221; onclick=&#8221;link_image&#8221;][\/vc_column][\/vc_row][vc_row full_width=&#8221;stretch_row&#8221; css=&#8221;.vc_custom_1495535215228{padding-top: 5% !important;padding-bottom: 5% !important;background-color: #f7f7f7 !important;}&#8221; el_id=&#8221;thekenplanung&#8221;][vc_column width=&#8221;1\/2&#8243;][vc_single_image image=&#8221;250&#8243; img_size=&#8221;medium&#8221; onclick=&#8221;link_image&#8221;][\/vc_column][vc_column width=&#8221;1\/2&#8243;][vc_column_text]\n<h2>Thekenplanung<\/h2>\n<p>Arbeitsplanung, Thekenpersonal verwalten und Schichten einteilen.<\/p>\n<ul>\n<li>Arbeitstermine planen<\/li>\n<li>Thekenpersonal managen<\/li>\n<li>Termine (iCal) via Email an Thekenpersonal senden<\/li>\n<li>Mehr als 2 Personen mehreren Terminen gleichzeitig zuordnen<\/li>\n<\/ul>\n[\/vc_column_text]<div class=\"vc_custom_1500821652282 wpex-clr\"><div class=\"theme-button-wrap textcenter wpex-clr\"><a href=\"https:\/\/www.wedance.io\/de\/funktionen\/thekenplanung\/\" class=\"vcex-button theme-button align-center inline\"><span class=\"vcex-button-inner theme-button-inner\">Mehr zur Thekenplanung<\/span><\/a><\/div><\/div> [\/vc_column][\/vc_row][vc_row css=&#8221;.vc_custom_1495535233121{padding-top: 5% !important;padding-bottom: 5% !important;}&#8221; el_id=&#8221;buchhaltung&#8221;][vc_column width=&#8221;1\/2&#8243;][vc_column_text]\n<h2>Buchhaltung<\/h2>\n<p>Rechnungen erstellen, pr\u00fcfen, ausdrucken oder als PDF verschicken.<\/p>\n<ul>\n<li>Rechnungen einsehen<\/li>\n<li>Rechnungen drucken<\/li>\n<li>PDF erstellen<\/li>\n<\/ul>\n[\/vc_column_text]<div class=\"vc_custom_1495534834938 wpex-clr\"><div class=\"theme-button-wrap textcenter wpex-clr\"><a href=\"https:\/\/www.wedance.io\/de\/funktionen\/buchhaltung\/\" class=\"vcex-button theme-button align-center inline\"><span class=\"vcex-button-inner theme-button-inner\">Mehr zur Buchhaltung<\/span><\/a><\/div><\/div> [\/vc_column][vc_column width=&#8221;1\/2&#8243;][vc_single_image image=&#8221;269&#8243; img_size=&#8221;medium&#8221; onclick=&#8221;link_image&#8221;][\/vc_column][\/vc_row][vc_row full_width=&#8221;stretch_row&#8221; css=&#8221;.vc_custom_1495535241081{padding-top: 5% !important;padding-bottom: 5% !important;background-color: #f7f7f7 !important;}&#8221; el_id=&#8221;einstellungen&#8221;][vc_column width=&#8221;1\/2&#8243;][vc_single_image image=&#8221;294&#8243; img_size=&#8221;medium&#8221; onclick=&#8221;link_image&#8221;][\/vc_column][vc_column width=&#8221;1\/2&#8243;][vc_column_text]\n<h2>Einstellungen &amp; Sonstiges<\/h2>\n<p>Individuelle Einstellungen setzen, Tanzlehrer anlegen, Orte \/ R\u00e4ume festlegen und das eigene Profil bearbeiten.<\/p>\n<ul>\n<li>Einstellungen setzen (z.B. Ust, Email Signaturen etc.)<\/li>\n<li>Tanzlehrer\u00a0verwalten (anlegen, editieren, l\u00f6schen)<\/li>\n<li>Tanzorte editieren<\/li>\n<li>Profil bearbeiten (Profilbild, Kontaktdaten)<\/li>\n<\/ul>\n[\/vc_column_text]<div class=\"vc_custom_1495535032956 wpex-clr\"><div class=\"theme-button-wrap textcenter wpex-clr\"><a href=\"https:\/\/www.wedance.io\/de\/funktionen\/einstellungen\/\" class=\"vcex-button theme-button align-center inline\"><span class=\"vcex-button-inner theme-button-inner\">Mehr zu den Einstellungen<\/span><\/a><\/div><\/div> [\/vc_column][\/vc_row][vc_row full_width=&#8221;stretch_row&#8221; css=&#8221;.vc_custom_1495800880681{padding-top: 5% !important;padding-bottom: 5% !important;}&#8221;][vc_column width=&#8221;1\/2&#8243;][vc_column_text]\n<h2>Weitere Features<\/h2>\n<p class=\"normaltxt\">Unsere\u00a0Verwaltungssoftware ist explizit auf die Bed\u00fcrfnisse von Tanzschulen ausgerichtet. weDance wurde mit einer Tanzschule zusammen entwickelt und entspricht deshalb\u00a0dem praktischen Einsatz mehr als dem theoretischen. Mit diesem Know-How deckt\u00a0weDance\u00a0alle wichtigen Punkte ab, damit effizient und zeitsparend gearbeitet werden kann! Zus\u00e4tzlich\u00a0ist unsere Tanzschulverwaltung\u00a0Ger\u00e4teunabh\u00e4ngig: Ob Smartphone, Tablet oder Computer \u2013 weDance passt sich an.<\/p>\n[\/vc_column_text][\/vc_column][vc_column width=&#8221;1\/2&#8243;][vc_column_text]\n<p class=\"normaltxt\">Zudem bieten wir:<\/p>\n<ul>\n<li>automatische Datensicherung und Datenarchivierung<\/li>\n<li>Mehrsprachigkeit (derzeit in Deutsch und Englisch)<\/li>\n<li>Benutzerverwaltung<\/li>\n<li>Support<\/li>\n<li>Import von\u00a0Daten aus derzeitigen Systemen<\/li>\n<\/ul>\n<p>Ihre Daten werden auf Servern in Deutschland gespeichert und stets \u00fcber eine sichere SSL-Verschl\u00fcsselung \u00fcbertragen.[\/vc_column_text][\/vc_column][\/vc_row]\n<\/div>","protected":false},"excerpt":{"rendered":"<p>[vc_row css=&#8221;.vc_custom_1495528281392{padding-top: 5% !important;padding-bottom: 5% !important;}&#8221;][vc_column width=&#8221;1\/2&#8243;][vc_single_image image=&#8221;91&#8243; img_size=&#8221;medium&#8221; onclick=&#8221;link_image&#8221;][\/vc_column][vc_column width=&#8221;1\/2&#8243;][vc_column_text] All-In-One Tanzschulverwaltung weDance ist Ihre Tanzschulverwaltungssoftware. Entwickelt mit und f\u00fcr Tanzschulen um Ihr Leben zu vereinfachen. Verwalten Sie Ihre Tanzkurse, Kunden, Veranstaltungen, Theke und vieles mehr. Alles was Sie brauchen um Ihre Tanzschule erfolgreich zu verwalten \u2013\u00a0egal wo Sie sind. Cloud basierend und ger\u00e4teunabh\u00e4ngig&hellip;<\/p>\n","protected":false},"author":1,"featured_media":0,"parent":0,"menu_order":0,"comment_status":"closed","ping_status":"closed","template":"","meta":{"footnotes":""},"yoast_head":"<!-- This site is optimized with the Yoast SEO plugin v24.3 - https:\/\/yoast.com\/wordpress\/plugins\/seo\/ -->\n<title>Funktionen unserer Tanzschulverwaltung - weDance<\/title>\n<meta name=\"robots\" content=\"index, follow, max-snippet:-1, max-image-preview:large, max-video-preview:-1\" \/>\n<link rel=\"canonical\" href=\"https:\/\/www.wedance.io\/de\/funktionen\/\" \/>\n<meta property=\"og:locale\" content=\"de_DE\" \/>\n<meta property=\"og:type\" content=\"article\" \/>\n<meta property=\"og:title\" content=\"Funktionen unserer Tanzschulverwaltung - weDance\" \/>\n<meta property=\"og:description\" content=\"[vc_row css=&#8221;.vc_custom_1495528281392{padding-top: 5% !important;padding-bottom: 5% !important;}&#8221;][vc_column width=&#8221;1\/2&#8243;][vc_single_image image=&#8221;91&#8243; img_size=&#8221;medium&#8221; onclick=&#8221;link_image&#8221;][\/vc_column][vc_column width=&#8221;1\/2&#8243;][vc_column_text] All-In-One Tanzschulverwaltung weDance ist Ihre Tanzschulverwaltungssoftware. Entwickelt mit und f\u00fcr Tanzschulen um Ihr Leben zu vereinfachen. Verwalten Sie Ihre Tanzkurse, Kunden, Veranstaltungen, Theke und vieles mehr. Alles was Sie brauchen um Ihre Tanzschule erfolgreich zu verwalten \u2013\u00a0egal wo Sie sind. Cloud basierend und ger\u00e4teunabh\u00e4ngig&hellip;\" \/>\n<meta property=\"og:url\" content=\"https:\/\/www.wedance.io\/de\/funktionen\/\" \/>\n<meta property=\"og:site_name\" content=\"weDance\" \/>\n<meta property=\"article:modified_time\" content=\"2017-07-23T14:54:27+00:00\" \/>\n<meta name=\"twitter:card\" content=\"summary_large_image\" \/>\n<meta name=\"twitter:label1\" content=\"Gesch\u00e4tzte Lesezeit\" \/>\n\t<meta name=\"twitter:data1\" content=\"6\u00a0Minuten\" \/>\n<script type=\"application\/ld+json\" class=\"yoast-schema-graph\">{\"@context\":\"https:\/\/schema.org\",\"@graph\":[{\"@type\":\"WebPage\",\"@id\":\"https:\/\/www.wedance.io\/de\/funktionen\/\",\"url\":\"https:\/\/www.wedance.io\/de\/funktionen\/\",\"name\":\"Funktionen unserer Tanzschulverwaltung - weDance\",\"isPartOf\":{\"@id\":\"https:\/\/www.wedance.io\/de\/#website\"},\"datePublished\":\"2017-05-22T10:33:37+00:00\",\"dateModified\":\"2017-07-23T14:54:27+00:00\",\"breadcrumb\":{\"@id\":\"https:\/\/www.wedance.io\/de\/funktionen\/#breadcrumb\"},\"inLanguage\":\"de\",\"potentialAction\":[{\"@type\":\"ReadAction\",\"target\":[\"https:\/\/www.wedance.io\/de\/funktionen\/\"]}]},{\"@type\":\"BreadcrumbList\",\"@id\":\"https:\/\/www.wedance.io\/de\/funktionen\/#breadcrumb\",\"itemListElement\":[{\"@type\":\"ListItem\",\"position\":1,\"name\":\"Home\",\"item\":\"https:\/\/www.wedance.io\/de\/\"},{\"@type\":\"ListItem\",\"position\":2,\"name\":\"Funktionen unserer Tanzschulverwaltung\"}]},{\"@type\":\"WebSite\",\"@id\":\"https:\/\/www.wedance.io\/de\/#website\",\"url\":\"https:\/\/www.wedance.io\/de\/\",\"name\":\"weDance\",\"description\":\"Tanzschuleverwaltung Software\",\"publisher\":{\"@id\":\"https:\/\/www.wedance.io\/de\/#organization\"},\"potentialAction\":[{\"@type\":\"SearchAction\",\"target\":{\"@type\":\"EntryPoint\",\"urlTemplate\":\"https:\/\/www.wedance.io\/de\/?s={search_term_string}\"},\"query-input\":{\"@type\":\"PropertyValueSpecification\",\"valueRequired\":true,\"valueName\":\"search_term_string\"}}],\"inLanguage\":\"de\"},{\"@type\":\"Organization\",\"@id\":\"https:\/\/www.wedance.io\/de\/#organization\",\"name\":\"weDance\",\"url\":\"https:\/\/www.wedance.io\/de\/\",\"logo\":{\"@type\":\"ImageObject\",\"inLanguage\":\"de\",\"@id\":\"https:\/\/www.wedance.io\/de\/#\/schema\/logo\/image\/\",\"url\":\"https:\/\/www.wedance.io\/de\/wp-content\/uploads\/sites\/2\/2017\/05\/logo.png\",\"contentUrl\":\"https:\/\/www.wedance.io\/de\/wp-content\/uploads\/sites\/2\/2017\/05\/logo.png\",\"width\":300,\"height\":158,\"caption\":\"weDance\"},\"image\":{\"@id\":\"https:\/\/www.wedance.io\/de\/#\/schema\/logo\/image\/\"}}]}<\/script>\n<!-- \/ Yoast SEO plugin. -->","yoast_head_json":{"title":"Funktionen unserer Tanzschulverwaltung - weDance","robots":{"index":"index","follow":"follow","max-snippet":"max-snippet:-1","max-image-preview":"max-image-preview:large","max-video-preview":"max-video-preview:-1"},"canonical":"https:\/\/www.wedance.io\/de\/funktionen\/","og_locale":"de_DE","og_type":"article","og_title":"Funktionen unserer Tanzschulverwaltung - weDance","og_description":"[vc_row css=&#8221;.vc_custom_1495528281392{padding-top: 5% !important;padding-bottom: 5% !important;}&#8221;][vc_column width=&#8221;1\/2&#8243;][vc_single_image image=&#8221;91&#8243; img_size=&#8221;medium&#8221; onclick=&#8221;link_image&#8221;][\/vc_column][vc_column width=&#8221;1\/2&#8243;][vc_column_text] All-In-One Tanzschulverwaltung weDance ist Ihre Tanzschulverwaltungssoftware. Entwickelt mit und f\u00fcr Tanzschulen um Ihr Leben zu vereinfachen. Verwalten Sie Ihre Tanzkurse, Kunden, Veranstaltungen, Theke und vieles mehr. Alles was Sie brauchen um Ihre Tanzschule erfolgreich zu verwalten \u2013\u00a0egal wo Sie sind. Cloud basierend und ger\u00e4teunabh\u00e4ngig&hellip;","og_url":"https:\/\/www.wedance.io\/de\/funktionen\/","og_site_name":"weDance","article_modified_time":"2017-07-23T14:54:27+00:00","twitter_card":"summary_large_image","twitter_misc":{"Gesch\u00e4tzte Lesezeit":"6\u00a0Minuten"},"schema":{"@context":"https:\/\/schema.org","@graph":[{"@type":"WebPage","@id":"https:\/\/www.wedance.io\/de\/funktionen\/","url":"https:\/\/www.wedance.io\/de\/funktionen\/","name":"Funktionen unserer Tanzschulverwaltung - weDance","isPartOf":{"@id":"https:\/\/www.wedance.io\/de\/#website"},"datePublished":"2017-05-22T10:33:37+00:00","dateModified":"2017-07-23T14:54:27+00:00","breadcrumb":{"@id":"https:\/\/www.wedance.io\/de\/funktionen\/#breadcrumb"},"inLanguage":"de","potentialAction":[{"@type":"ReadAction","target":["https:\/\/www.wedance.io\/de\/funktionen\/"]}]},{"@type":"BreadcrumbList","@id":"https:\/\/www.wedance.io\/de\/funktionen\/#breadcrumb","itemListElement":[{"@type":"ListItem","position":1,"name":"Home","item":"https:\/\/www.wedance.io\/de\/"},{"@type":"ListItem","position":2,"name":"Funktionen unserer Tanzschulverwaltung"}]},{"@type":"WebSite","@id":"https:\/\/www.wedance.io\/de\/#website","url":"https:\/\/www.wedance.io\/de\/","name":"weDance","description":"Tanzschuleverwaltung Software","publisher":{"@id":"https:\/\/www.wedance.io\/de\/#organization"},"potentialAction":[{"@type":"SearchAction","target":{"@type":"EntryPoint","urlTemplate":"https:\/\/www.wedance.io\/de\/?s={search_term_string}"},"query-input":{"@type":"PropertyValueSpecification","valueRequired":true,"valueName":"search_term_string"}}],"inLanguage":"de"},{"@type":"Organization","@id":"https:\/\/www.wedance.io\/de\/#organization","name":"weDance","url":"https:\/\/www.wedance.io\/de\/","logo":{"@type":"ImageObject","inLanguage":"de","@id":"https:\/\/www.wedance.io\/de\/#\/schema\/logo\/image\/","url":"https:\/\/www.wedance.io\/de\/wp-content\/uploads\/sites\/2\/2017\/05\/logo.png","contentUrl":"https:\/\/www.wedance.io\/de\/wp-content\/uploads\/sites\/2\/2017\/05\/logo.png","width":300,"height":158,"caption":"weDance"},"image":{"@id":"https:\/\/www.wedance.io\/de\/#\/schema\/logo\/image\/"}}]}},"_links":{"self":[{"href":"https:\/\/www.wedance.io\/de\/wp-json\/wp\/v2\/pages\/11"}],"collection":[{"href":"https:\/\/www.wedance.io\/de\/wp-json\/wp\/v2\/pages"}],"about":[{"href":"https:\/\/www.wedance.io\/de\/wp-json\/wp\/v2\/types\/page"}],"author":[{"embeddable":true,"href":"https:\/\/www.wedance.io\/de\/wp-json\/wp\/v2\/users\/1"}],"replies":[{"embeddable":true,"href":"https:\/\/www.wedance.io\/de\/wp-json\/wp\/v2\/comments?post=11"}],"version-history":[{"count":10,"href":"https:\/\/www.wedance.io\/de\/wp-json\/wp\/v2\/pages\/11\/revisions"}],"predecessor-version":[{"id":503,"href":"https:\/\/www.wedance.io\/de\/wp-json\/wp\/v2\/pages\/11\/revisions\/503"}],"wp:attachment":[{"href":"https:\/\/www.wedance.io\/de\/wp-json\/wp\/v2\/media?parent=11"}],"curies":[{"name":"wp","href":"https:\/\/api.w.org\/{rel}","templated":true}]}}